{"id":27157,"date":"2023-11-09T04:41:13","date_gmt":"2023-11-09T04:41:13","guid":{"rendered":"https:\/\/rotalift.com\/rotalift\/?page_id=27157"},"modified":"2023-11-16T16:06:14","modified_gmt":"2023-11-16T16:06:14","slug":"homologaciones","status":"publish","type":"page","link":"https:\/\/rotalift.com\/rotalift\/homologaciones\/","title":{"rendered":"HOMOLOGACIONES"},"content":{"rendered":"<p>[et_pb_section fb_built=&#8221;1&#8243; _builder_version=&#8221;4.6.6&#8243; _module_preset=&#8221;default&#8221;][et_pb_row column_structure=&#8221;1_2,1_2&#8243; _builder_version=&#8221;4.6.6&#8243; _module_preset=&#8221;default&#8221;][et_pb_column type=&#8221;1_2&#8243; _builder_version=&#8221;4.6.6&#8243; _module_preset=&#8221;default&#8221;][et_pb_text content_tablet=&#8221;&#8221; content_phone=&#8221;&#8221; content_last_edited=&#8221;on|desktop&#8221; _builder_version=&#8221;4.6.6&#8243; _module_preset=&#8221;default&#8221;]<\/p>\n<p><img loading=\"lazy\" decoding=\"async\" src=\"https:\/\/rotalift.com\/rotalift\/wp-content\/uploads\/2023\/11\/butler.jpg\" width=\"400\" height=\"134\" alt=\"butler\" class=\"wp-image-27161 aligncenter size-full\" srcset=\"https:\/\/rotalift.com\/rotalift\/wp-content\/uploads\/2023\/11\/butler.jpg 400w, https:\/\/rotalift.com\/rotalift\/wp-content\/uploads\/2023\/11\/butler-64x21.jpg 64w, https:\/\/rotalift.com\/rotalift\/wp-content\/uploads\/2023\/11\/butler-300x101.jpg 300w\" sizes=\"auto, (max-width: 400px) 100vw, 400px\" \/><\/p>\n<p>[\/et_pb_text][\/et_pb_column][et_pb_column type=&#8221;1_2&#8243; _builder_version=&#8221;4.6.6&#8243; _module_preset=&#8221;default&#8221;][et_pb_text _builder_version=&#8221;4.6.6&#8243; _module_preset=&#8221;default&#8221;]<\/p>\n<h3><strong>Los equipos que comercializamos para el \u00e1rea de alineaci\u00f3n, balanceo y desmonathe son de la marca italiana butler.<\/strong><\/h3>\n<h3><\/h3>\n<h3><strong>Butler fue fundada en 1988 con la filosof\u00eda\u00a0 de dise\u00f1ar y fabricar equipos avanzados para el servicio de neum\u00e1ticos<\/strong><\/h3>\n<p>[\/et_pb_text][\/et_pb_column][\/et_pb_row][et_pb_row column_structure=&#8221;1_2,1_2&#8243; _builder_version=&#8221;4.6.6&#8243; _module_preset=&#8221;default&#8221;][et_pb_column type=&#8221;1_2&#8243; _builder_version=&#8221;4.6.6&#8243; _module_preset=&#8221;default&#8221;][et_pb_text _builder_version=&#8221;4.6.6&#8243; _module_preset=&#8221;default&#8221;]<\/p>\n<h3><strong>Butler perteneces al grupo Dover en su disivi\u00f3n de productos de ingenier\u00eda. VSG\u00a0Desarrolla lo mejor en equipos de elevaci\u00f3n de veh\u00edculos, servicio de ruedas, calibraci\u00f3n ADAS, diagn\u00f3stico y reparaci\u00f3n de colisiones junto con productos de desconexi\u00f3n del tren motriz de la m\u00e1s alta calidad del mundo.<\/strong><\/h3>\n<p>[\/et_pb_text][\/et_pb_column][et_pb_column type=&#8221;1_2&#8243; _builder_version=&#8221;4.6.6&#8243; _module_preset=&#8221;default&#8221;][et_pb_text _builder_version=&#8221;4.6.6&#8243; _module_preset=&#8221;default&#8221;]<\/p>\n<p><img loading=\"lazy\" decoding=\"async\" src=\"https:\/\/rotalift.com\/rotalift\/wp-content\/uploads\/2023\/11\/VSG-logo.jpg\" width=\"350\" height=\"194\" alt=\"VSG-logo\" class=\"wp-image-27163 aligncenter size-full\" srcset=\"https:\/\/rotalift.com\/rotalift\/wp-content\/uploads\/2023\/11\/VSG-logo.jpg 350w, https:\/\/rotalift.com\/rotalift\/wp-content\/uploads\/2023\/11\/VSG-logo-64x35.jpg 64w, https:\/\/rotalift.com\/rotalift\/wp-content\/uploads\/2023\/11\/VSG-logo-300x166.jpg 300w\" sizes=\"auto, (max-width: 350px) 100vw, 350px\" \/><\/p>\n<p>[\/et_pb_text][\/et_pb_column][\/et_pb_row][et_pb_row _builder_version=&#8221;4.6.6&#8243; _module_preset=&#8221;default&#8221;][et_pb_column type=&#8221;4_4&#8243; _builder_version=&#8221;4.6.6&#8243; _module_preset=&#8221;default&#8221;][et_pb_text _builder_version=&#8221;4.6.6&#8243; _module_preset=&#8221;default&#8221;]<\/p>\n<h3><strong><span style=\"color: #ff0000;\">Las principales marcas de VSG, Rotary y Warn Automotive<\/span>, han construido un rico legado de innovaci\u00f3n, confiabilidad y calidad durante 350 a\u00f1os colectivos.\u00a0\u00a0Marcas l\u00edderes en la industria ofrecen elevadores de veh\u00edculos, sistemas de servicio de ruedas, equipos de diagn\u00f3stico y reparaci\u00f3n de colisiones y sistemas OEM 4WD\/AWD de nuestras operaciones globales.<\/strong><\/h3>\n<p>[\/et_pb_text][et_pb_text _builder_version=&#8221;4.6.6&#8243; _module_preset=&#8221;default&#8221;]<\/p>\n<p><img loading=\"lazy\" decoding=\"async\" src=\"https:\/\/rotalift.com\/rotalift\/wp-content\/uploads\/2023\/11\/rotary-lift-war-automotive.jpg\" width=\"556\" height=\"124\" alt=\"rotary-lift-warn automotive\" class=\"wp-image-27164 aligncenter size-full\" srcset=\"https:\/\/rotalift.com\/rotalift\/wp-content\/uploads\/2023\/11\/rotary-lift-war-automotive.jpg 556w, https:\/\/rotalift.com\/rotalift\/wp-content\/uploads\/2023\/11\/rotary-lift-war-automotive-480x114.jpg 480w\" sizes=\"auto, (min-width: 0px) and (max-width: 480px) 480px, (min-width: 481px) 556px, 100vw\" \/><\/p>\n<p>[\/et_pb_text][\/et_pb_column][\/et_pb_row][et_pb_row _builder_version=&#8221;4.6.6&#8243; _module_preset=&#8221;default&#8221; column_structure=&#8221;1_3,1_3,1_3&#8243;][et_pb_column _builder_version=&#8221;4.6.6&#8243; _module_preset=&#8221;default&#8221; type=&#8221;1_3&#8243;][et_pb_image src=&#8221;https:\/\/rotalift.com\/rotalift\/wp-content\/uploads\/2023\/11\/rav-logo.jpg&#8221; _builder_version=&#8221;4.6.6&#8243; _module_preset=&#8221;default&#8221; alt=&#8221;rav-logo&#8221; title_text=&#8221;rav-logo&#8221; hover_enabled=&#8221;0&#8243; sticky_enabled=&#8221;0&#8243;][\/et_pb_image][\/et_pb_column][et_pb_column _builder_version=&#8221;4.6.6&#8243; _module_preset=&#8221;default&#8221; type=&#8221;1_3&#8243;][et_pb_image src=&#8221;https:\/\/rotalift.com\/rotalift\/wp-content\/uploads\/2023\/11\/space-logo.jpg&#8221; _builder_version=&#8221;4.6.6&#8243; _module_preset=&#8221;default&#8221; title_text=&#8221;space-logo&#8221; hover_enabled=&#8221;0&#8243; sticky_enabled=&#8221;0&#8243;][\/et_pb_image][\/et_pb_column][et_pb_column _builder_version=&#8221;4.6.6&#8243; _module_preset=&#8221;default&#8221; type=&#8221;1_3&#8243;][et_pb_image src=&#8221;https:\/\/rotalift.com\/rotalift\/wp-content\/uploads\/2023\/11\/elektron-logo.jpg&#8221; _builder_version=&#8221;4.6.6&#8243; _module_preset=&#8221;default&#8221; title_text=&#8221;elektron-logo&#8221; hover_enabled=&#8221;0&#8243; sticky_enabled=&#8221;0&#8243;][\/et_pb_image][\/et_pb_column][\/et_pb_row][et_pb_row _builder_version=&#8221;4.6.6&#8243; _module_preset=&#8221;default&#8221;][et_pb_column type=&#8221;4_4&#8243; _builder_version=&#8221;4.6.6&#8243; _module_preset=&#8221;default&#8221;][et_pb_text disabled_on=&#8221;on|off|off&#8221; _builder_version=&#8221;4.6.6&#8243; _module_preset=&#8221;default&#8221; text_font=&#8221;Poppins|800|||||||&#8221; text_font_size=&#8221;35px&#8221;]<\/p>\n<p style=\"text-align: center;\">HOMOLOGACIONES<\/p>\n<p>[\/et_pb_text][et_pb_text disabled_on=&#8221;off|on|on&#8221; _builder_version=&#8221;4.6.6&#8243; _module_preset=&#8221;default&#8221; text_font=&#8221;Poppins|800|||||||&#8221; text_font_size=&#8221;24px&#8221;]<\/p>\n<p style=\"text-align: center;\">HOMOLOGACIONES<\/p>\n<p>[\/et_pb_text][\/et_pb_column][\/et_pb_row][et_pb_row column_structure=&#8221;1_4,1_4,1_4,1_4&#8243; _builder_version=&#8221;4.6.6&#8243; _module_preset=&#8221;default&#8221;][et_pb_column type=&#8221;1_4&#8243; _builder_version=&#8221;4.6.6&#8243; _module_preset=&#8221;default&#8221;][et_pb_text _builder_version=&#8221;4.6.6&#8243; _module_preset=&#8221;default&#8221;]<\/p>\n<p><img loading=\"lazy\" decoding=\"async\" src=\"https:\/\/rotalift.com\/rotalift\/wp-content\/uploads\/2023\/11\/bnw-logo.jpg\" width=\"125\" height=\"130\" alt=\"bmw-logo\" class=\"wp-image-27167 aligncenter size-full\" srcset=\"https:\/\/rotalift.com\/rotalift\/wp-content\/uploads\/2023\/11\/bnw-logo.jpg 125w, https:\/\/rotalift.com\/rotalift\/wp-content\/uploads\/2023\/11\/bnw-logo-64x67.jpg 64w\" sizes=\"auto, (max-width: 125px) 100vw, 125px\" \/><\/p>\n<p>[\/et_pb_text][\/et_pb_column][et_pb_column type=&#8221;1_4&#8243; _builder_version=&#8221;4.6.6&#8243; _module_preset=&#8221;default&#8221;][et_pb_text _builder_version=&#8221;4.6.6&#8243; _module_preset=&#8221;default&#8221;]<\/p>\n<p><img loading=\"lazy\" decoding=\"async\" src=\"https:\/\/rotalift.com\/rotalift\/wp-content\/uploads\/2023\/11\/land-rover-logo.jpg\" width=\"125\" height=\"130\" alt=\"land-rover-logo\" class=\"wp-image-27166 aligncenter size-full\" srcset=\"https:\/\/rotalift.com\/rotalift\/wp-content\/uploads\/2023\/11\/land-rover-logo.jpg 125w, https:\/\/rotalift.com\/rotalift\/wp-content\/uploads\/2023\/11\/land-rover-logo-64x67.jpg 64w\" sizes=\"auto, (max-width: 125px) 100vw, 125px\" \/><\/p>\n<p>[\/et_pb_text][\/et_pb_column][et_pb_column type=&#8221;1_4&#8243; _builder_version=&#8221;4.6.6&#8243; _module_preset=&#8221;default&#8221;][et_pb_text _builder_version=&#8221;4.6.6&#8243; _module_preset=&#8221;default&#8221;]<\/p>\n<p><img loading=\"lazy\" decoding=\"async\" src=\"https:\/\/rotalift.com\/rotalift\/wp-content\/uploads\/2023\/11\/jaguar-logo.jpg\" width=\"125\" height=\"130\" alt=\"jaguar-logo\" class=\"wp-image-27173 aligncenter size-full\" srcset=\"https:\/\/rotalift.com\/rotalift\/wp-content\/uploads\/2023\/11\/jaguar-logo.jpg 125w, https:\/\/rotalift.com\/rotalift\/wp-content\/uploads\/2023\/11\/jaguar-logo-64x67.jpg 64w\" sizes=\"auto, (max-width: 125px) 100vw, 125px\" \/><\/p>\n<p>[\/et_pb_text][\/et_pb_column][et_pb_column type=&#8221;1_4&#8243; _builder_version=&#8221;4.6.6&#8243; _module_preset=&#8221;default&#8221;][et_pb_text _builder_version=&#8221;4.6.6&#8243; _module_preset=&#8221;default&#8221;]<\/p>\n<p><img loading=\"lazy\" decoding=\"async\" src=\"https:\/\/rotalift.com\/rotalift\/wp-content\/uploads\/2023\/11\/mercedes-benz-logo.jpg\" width=\"161\" height=\"130\" alt=\"mercedes-benz-logo\" class=\"wp-image-27172 aligncenter size-full\" srcset=\"https:\/\/rotalift.com\/rotalift\/wp-content\/uploads\/2023\/11\/mercedes-benz-logo.jpg 161w, https:\/\/rotalift.com\/rotalift\/wp-content\/uploads\/2023\/11\/mercedes-benz-logo-64x52.jpg 64w\" sizes=\"auto, (max-width: 161px) 100vw, 161px\" \/><\/p>\n<p>[\/et_pb_text][\/et_pb_column][\/et_pb_row][et_pb_row column_structure=&#8221;1_5,1_5,1_5,1_5,1_5&#8243; _builder_version=&#8221;4.6.6&#8243; _module_preset=&#8221;default&#8221;][et_pb_column type=&#8221;1_5&#8243; _builder_version=&#8221;4.6.6&#8243; _module_preset=&#8221;default&#8221;][et_pb_text _builder_version=&#8221;4.6.6&#8243; _module_preset=&#8221;default&#8221;]<\/p>\n<p><img loading=\"lazy\" decoding=\"async\" src=\"https:\/\/rotalift.com\/rotalift\/wp-content\/uploads\/2023\/11\/maserati-logo.jpg\" width=\"169\" height=\"130\" alt=\"maserati-logo\" class=\"wp-image-27171 aligncenter size-full\" srcset=\"https:\/\/rotalift.com\/rotalift\/wp-content\/uploads\/2023\/11\/maserati-logo.jpg 169w, https:\/\/rotalift.com\/rotalift\/wp-content\/uploads\/2023\/11\/maserati-logo-64x49.jpg 64w\" sizes=\"auto, (max-width: 169px) 100vw, 169px\" \/><\/p>\n<p>[\/et_pb_text][\/et_pb_column][et_pb_column type=&#8221;1_5&#8243; _builder_version=&#8221;4.6.6&#8243; _module_preset=&#8221;default&#8221;][et_pb_text _builder_version=&#8221;4.6.6&#8243; _module_preset=&#8221;default&#8221;]<\/p>\n<p><img loading=\"lazy\" decoding=\"async\" src=\"https:\/\/rotalift.com\/rotalift\/wp-content\/uploads\/2023\/11\/porsche-logo.jpg\" width=\"125\" height=\"130\" alt=\"porsche-logo\" class=\"wp-image-27170 aligncenter size-full\" srcset=\"https:\/\/rotalift.com\/rotalift\/wp-content\/uploads\/2023\/11\/porsche-logo.jpg 125w, https:\/\/rotalift.com\/rotalift\/wp-content\/uploads\/2023\/11\/porsche-logo-64x67.jpg 64w\" sizes=\"auto, (max-width: 125px) 100vw, 125px\" \/><\/p>\n<p>[\/et_pb_text][\/et_pb_column][et_pb_column type=&#8221;1_5&#8243; _builder_version=&#8221;4.6.6&#8243; _module_preset=&#8221;default&#8221;][et_pb_text _builder_version=&#8221;4.6.6&#8243; _module_preset=&#8221;default&#8221;]<\/p>\n<p><img loading=\"lazy\" decoding=\"async\" src=\"https:\/\/rotalift.com\/rotalift\/wp-content\/uploads\/2023\/11\/renault-logo.jpg\" width=\"125\" height=\"130\" alt=\"renault-logo\" class=\"wp-image-27175 aligncenter size-full\" srcset=\"https:\/\/rotalift.com\/rotalift\/wp-content\/uploads\/2023\/11\/renault-logo.jpg 125w, https:\/\/rotalift.com\/rotalift\/wp-content\/uploads\/2023\/11\/renault-logo-64x67.jpg 64w\" sizes=\"auto, (max-width: 125px) 100vw, 125px\" \/><\/p>\n<p>[\/et_pb_text][\/et_pb_column][et_pb_column type=&#8221;1_5&#8243; _builder_version=&#8221;4.6.6&#8243; _module_preset=&#8221;default&#8221;][et_pb_text _builder_version=&#8221;4.6.6&#8243; _module_preset=&#8221;default&#8221;]<\/p>\n<p><img loading=\"lazy\" decoding=\"async\" src=\"https:\/\/rotalift.com\/rotalift\/wp-content\/uploads\/2023\/11\/volvo-logo.jpg\" width=\"125\" height=\"130\" alt=\"volvo-logo\" class=\"wp-image-27169 aligncenter size-full\" srcset=\"https:\/\/rotalift.com\/rotalift\/wp-content\/uploads\/2023\/11\/volvo-logo.jpg 125w, https:\/\/rotalift.com\/rotalift\/wp-content\/uploads\/2023\/11\/volvo-logo-64x67.jpg 64w\" sizes=\"auto, (max-width: 125px) 100vw, 125px\" \/><\/p>\n<p>[\/et_pb_text][\/et_pb_column][et_pb_column type=&#8221;1_5&#8243; _builder_version=&#8221;4.6.6&#8243; _module_preset=&#8221;default&#8221;][et_pb_text _builder_version=&#8221;4.6.6&#8243; _module_preset=&#8221;default&#8221;]<\/p>\n<p><img loading=\"lazy\" decoding=\"async\" src=\"https:\/\/rotalift.com\/rotalift\/wp-content\/uploads\/2023\/11\/volkswagen-logo.jpg\" width=\"125\" height=\"130\" alt=\"volkswagen-logo\" class=\"wp-image-27168 aligncenter size-full\" srcset=\"https:\/\/rotalift.com\/rotalift\/wp-content\/uploads\/2023\/11\/volkswagen-logo.jpg 125w, https:\/\/rotalift.com\/rotalift\/wp-content\/uploads\/2023\/11\/volkswagen-logo-64x67.jpg 64w\" sizes=\"auto, (max-width: 125px) 100vw, 125px\" \/><\/p>\n<p>[\/et_pb_text][\/et_pb_column][\/et_pb_row][\/et_pb_section]<\/p>\n","protected":false},"excerpt":{"rendered":"<p>[et_pb_section fb_built=&#8221;1&#8243; _builder_version=&#8221;4.6.6&#8243; _module_preset=&#8221;default&#8221;][et_pb_row column_structure=&#8221;1_2,1_2&#8243; _builder_version=&#8221;4.6.6&#8243; _module_preset=&#8221;default&#8221;][et_pb_column type=&#8221;1_2&#8243; _builder_version=&#8221;4.6.6&#8243; _module_preset=&#8221;default&#8221;][et_pb_text content_tablet=&#8221;&#8221; content_phone=&#8221;&#8221; content_last_edited=&#8221;on|desktop&#8221; _builder_version=&#8221;4.6.6&#8243; _module_preset=&#8221;default&#8221;] [\/et_pb_text][\/et_pb_column][et_pb_column type=&#8221;1_2&#8243; _builder_version=&#8221;4.6.6&#8243; _module_preset=&#8221;default&#8221;][et_pb_text _builder_version=&#8221;4.6.6&#8243; _module_preset=&#8221;default&#8221;] Los equipos que comercializamos para el \u00e1rea de alineaci\u00f3n, balanceo y desmonathe son de la marca italiana butler. Butler fue fundada en 1988 con la filosof\u00eda\u00a0 de dise\u00f1ar y fabricar equipos avanzados para el [&hellip;]<\/p>\n","protected":false},"author":1,"featured_media":0,"parent":0,"menu_order":0,"comment_status":"closed","ping_status":"closed","template":"","meta":{"_et_pb_use_builder":"on","_et_pb_old_content":"","_et_gb_content_width":"","footnotes":""},"class_list":["post-27157","page","type-page","status-publish","hentry"],"aioseo_notices":[],"_links":{"self":[{"href":"https:\/\/rotalift.com\/rotalift\/wp-json\/wp\/v2\/pages\/27157","targetHints":{"allow":["GET"]}}],"collection":[{"href":"https:\/\/rotalift.com\/rotalift\/wp-json\/wp\/v2\/pages"}],"about":[{"href":"https:\/\/rotalift.com\/rotalift\/wp-json\/wp\/v2\/types\/page"}],"author":[{"embeddable":true,"href":"https:\/\/rotalift.com\/rotalift\/wp-json\/wp\/v2\/users\/1"}],"replies":[{"embeddable":true,"href":"https:\/\/rotalift.com\/rotalift\/wp-json\/wp\/v2\/comments?post=27157"}],"version-history":[{"count":7,"href":"https:\/\/rotalift.com\/rotalift\/wp-json\/wp\/v2\/pages\/27157\/revisions"}],"predecessor-version":[{"id":27316,"href":"https:\/\/rotalift.com\/rotalift\/wp-json\/wp\/v2\/pages\/27157\/revisions\/27316"}],"wp:attachment":[{"href":"https:\/\/rotalift.com\/rotalift\/wp-json\/wp\/v2\/media?parent=27157"}],"curies":[{"name":"wp","href":"https:\/\/api.w.org\/{rel}","templated":true}]}}