{"id":3380,"date":"2015-09-30T15:28:08","date_gmt":"2015-09-30T21:28:08","guid":{"rendered":"http:\/\/rotalift.com\/rotalift\/?page_id=3380"},"modified":"2015-09-30T15:28:08","modified_gmt":"2015-09-30T21:28:08","slug":"aviso-de-privacidad-2","status":"publish","type":"page","link":"https:\/\/rotalift.com\/rotalift\/aviso-de-privacidad-2\/","title":{"rendered":"AVISO DE PRIVACIDAD"},"content":{"rendered":"<p><strong>AVISO DE PRIVACIDAD<\/strong><\/p>\n<p>UPGRADING TOOLS SA DE CV., con nombre comercial Rotalift , con domicilio en calle Luis Manuel Rojas No. 32-B, colonia Constituci\u00f3n de 1917, Ciudad de M\u00e9xico, municipio o delegaci\u00f3n Iztapalapa, C.P. 09260, en la entidad de Ciudad de M\u00e9xico, pa\u00eds M\u00e9xico , y portal de internet www.rotalift.com , es el responsable del uso y protecci\u00f3n de sus datos personales, y al respecto le informamos lo siguiente:<\/p>\n<p>\u00bfPara qu\u00e9 fines utilizaremos sus datos personales?<\/p>\n<p>Los datos personales que recabamos de usted, los utilizaremos para las siguientes finalidades que son necesarias para el servicio que solicita:<\/p>\n<p>Seguimiento de Clientes<\/p>\n<p>Mercadotecnia o publicitaria<\/p>\n<p>Prospecci\u00f3n comercial<\/p>\n<p>Relaci\u00f3n comercial<\/p>\n<p>\u00bfQu\u00e9 datos personales utilizaremos para estos fines?<\/p>\n<p>Para llevar a cabo las finalidades descritas en el presente aviso de privacidad, utilizaremos los siguientes datos personales:<\/p>\n<p>Datos de identificaci\u00f3n<\/p>\n<p>Datos de contacto<\/p>\n<p>\u00bfC\u00f3mo puede acceder, rectificar o cancelar sus datos personales, u oponerse a su uso?<\/p>\n<p>Usted tiene derecho a conocer qu\u00e9 datos personales tenemos de usted, para qu\u00e9 los utilizamos y las condiciones del uso que les damos (Acceso). Asimismo, es su derecho solicitar la correcci\u00f3n de su informaci\u00f3n personal en caso de que est\u00e9 desactualizada, sea inexacta o incompleta (Rectificaci\u00f3n); que la eliminemos de nuestros registros o bases de datos cuando considere que la misma no est\u00e1 siendo utilizada adecuadamente (Cancelaci\u00f3n); as\u00ed como oponerse al uso de sus datos personales para fines espec\u00edficos (Oposici\u00f3n). Estos derechos se conocen como derechos ARCO.<\/p>\n<p>Para el ejercicio de cualquiera de los derechos ARCO, usted deber\u00e1 presentar la solicitud respectiva a trav\u00e9s del siguiente medio:<\/p>\n<p>Email: <a href=\"mailto:social@rotalift.com\">social@rotalift.com<\/a><\/p>\n<p>Tel\u00e9fono: 01-222-4839-814<\/p>\n<p>Para conocer el procedimiento y requisitos para el ejercicio de los derechos ARCO, ponemos a su disposici\u00f3n el siguiente medio:<\/p>\n<p>P\u00e1gina web: www.rotalift.com<\/p>\n<p>Los datos de contacto de la persona o departamento de datos personales, que est\u00e1 a cargo de dar tr\u00e1mite a las solicitudes de derechos ARCO, son los siguientes:<\/p>\n<ol>\n<li>a) Nombre de la persona o departamento de datos personales: Departamento de Social Media Manager<\/li>\n<li>b) Domicilio: Calle Luis Manuel Rojas No. 32-B, colonia Constituci\u00f3n de 1917, Ciudad de M\u00e9xico, municipio o delegaci\u00f3n Iztapalapa, C.P. 09260, en la entidad de Ciudad de M\u00e9xico, pa\u00eds M\u00e9xico.<\/li>\n<li>c) Correo electr\u00f3nico: social@rotalift.com<\/li>\n<li>d) N\u00famero telef\u00f3nico: 01(222) 4839-814.<\/li>\n<\/ol>\n<p>Usted puede revocar su consentimiento para el uso de sus datos personales<\/p>\n<p>Usted puede revocar el consentimiento que, en su caso, nos haya otorgado para el tratamiento de sus datos personales. Sin embargo, es importante que tenga en cuenta que no en todos los casos podremos atender su solicitud o concluir el uso de forma inmediata, ya que es posible que por alguna obligaci\u00f3n legal requiramos seguir tratando sus datos personales. Asimismo, usted deber\u00e1 considerar que, para ciertos fines, la revocaci\u00f3n de su consentimiento implicar\u00e1 que no le podamos seguir prestando el servicio que nos solicit\u00f3, o la conclusi\u00f3n de su relaci\u00f3n con nosotros.<\/p>\n<p>Para revocar su consentimiento deber\u00e1 presentar su solicitud a trav\u00e9s del siguiente medio:<\/p>\n<p>Por tel\u00e9fono al 01 (222) 4839-814<\/p>\n<p>Email: social@rotalift.com<\/p>\n<p>Para conocer el procedimiento y requisitos para la revocaci\u00f3n del consentimiento, ponemos a su disposici\u00f3n el siguiente medio: p\u00e1gina web www.rotalift.com<\/p>\n<p>\u00bfC\u00f3mo puede limitar el uso o divulgaci\u00f3n de su informaci\u00f3n personal?<\/p>\n<p>Con objeto de que usted pueda limitar el uso y divulgaci\u00f3n de su informaci\u00f3n personal, le ofrecemos le pedimos envi\u00e9 un correo electr\u00f3nico a <a href=\"mailto:social@rotalift.com\">social@rotalift.com<\/a><\/p>\n<p>El uso de tecnolog\u00edas de rastreo en nuestro portal de internet<\/p>\n<p>Le informamos que en nuestra p\u00e1gina de internet utilizamos cookies, web beacons u otras tecnolog\u00edas, a trav\u00e9s de las cuales es posible monitorear su comportamiento como usuario de internet, as\u00ed como brindarle un mejor servicio y experiencia al navegar en nuestra p\u00e1gina. Los datos personales que recabamos a trav\u00e9s de estas tecnolog\u00edas, los utilizaremos para los siguientes fines:<\/p>\n<p>Seguimiento y prospecci\u00f3n de clientes<\/p>\n<p>Los datos personales que obtenemos de estas tecnolog\u00edas de rastreo son los siguientes:<\/p>\n<p>Regi\u00f3n en la que se encuentra el usuario<\/p>\n<p>Tipo de navegador del usuario<\/p>\n<p>Tipo de sistema operativo del usuario<\/p>\n<p>Fecha y hora del inicio y final de una sesi\u00f3n de un usuario<\/p>\n<p>P\u00e1ginas web visitadas por un usuario<\/p>\n<p>B\u00fasquedas realizadas por un usuario<\/p>\n<p>Publicidad revisada por un usuario<\/p>\n<p><strong>\u00bfC\u00f3mo puede conocer los cambios en este aviso de privacidad?<\/strong><\/p>\n<p>El presente aviso de privacidad puede sufrir modificaciones, cambios o actualizaciones derivadas de nuevos requerimientos legales; de nuestras propias necesidades por los productos o servicios que ofrecemos; de nuestras pr\u00e1cticas de privacidad; de cambios en nuestro modelo de negocio, o por otras causas.<\/p>\n<p>Nos comprometemos a mantenerlo informado sobre los cambios que pueda sufrir el presente aviso de privacidad, a trav\u00e9s de: transferencias no previstas originalmente, siendo el consentimiento del titular necesario.<\/p>\n<p>El procedimiento a trav\u00e9s del cual se llevar\u00e1n a cabo las notificaciones sobre cambios o actualizaciones al presente aviso de privacidad es el siguiente:<\/p>\n<p>En nuestra p\u00e1gina web www.rotalift.com<\/p>\n<p>\u00daltima actualizaci\u00f3n: 03\/09\/2020<\/p>\n","protected":false},"excerpt":{"rendered":"<p>AVISO DE PRIVACIDAD UPGRADING TOOLS SA DE CV., con nombre comercial Rotalift , con domicilio en calle Luis Manuel Rojas No. 32-B, colonia Constituci\u00f3n de 1917, Ciudad de M\u00e9xico, municipio o delegaci\u00f3n Iztapalapa, C.P. 09260, en la entidad de Ciudad de M\u00e9xico, pa\u00eds M\u00e9xico , y portal de internet www.rotalift.com , es el responsable del [&hellip;]<\/p>\n","protected":false},"author":1,"featured_media":0,"parent":0,"menu_order":0,"comment_status":"closed","ping_status":"closed","template":"","meta":{"_et_pb_use_builder":"","_et_pb_old_content":"","_et_gb_content_width":"","footnotes":""},"class_list":["post-3380","page","type-page","status-publish","hentry"],"aioseo_notices":[],"_links":{"self":[{"href":"https:\/\/rotalift.com\/rotalift\/wp-json\/wp\/v2\/pages\/3380","targetHints":{"allow":["GET"]}}],"collection":[{"href":"https:\/\/rotalift.com\/rotalift\/wp-json\/wp\/v2\/pages"}],"about":[{"href":"https:\/\/rotalift.com\/rotalift\/wp-json\/wp\/v2\/types\/page"}],"author":[{"embeddable":true,"href":"https:\/\/rotalift.com\/rotalift\/wp-json\/wp\/v2\/users\/1"}],"replies":[{"embeddable":true,"href":"https:\/\/rotalift.com\/rotalift\/wp-json\/wp\/v2\/comments?post=3380"}],"version-history":[{"count":1,"href":"https:\/\/rotalift.com\/rotalift\/wp-json\/wp\/v2\/pages\/3380\/revisions"}],"predecessor-version":[{"id":6789,"href":"https:\/\/rotalift.com\/rotalift\/wp-json\/wp\/v2\/pages\/3380\/revisions\/6789"}],"wp:attachment":[{"href":"https:\/\/rotalift.com\/rotalift\/wp-json\/wp\/v2\/media?parent=3380"}],"curies":[{"name":"wp","href":"https:\/\/api.w.org\/{rel}","templated":true}]}}