{"id":386,"date":"2014-02-17T03:45:07","date_gmt":"2014-02-17T03:45:07","guid":{"rendered":"http:\/\/rotalift.com\/rotalift\/?page_id=386"},"modified":"2014-02-17T03:45:07","modified_gmt":"2014-02-17T03:45:07","slug":"risiggnew","status":"publish","type":"page","link":"https:\/\/rotalift.com\/rotalift\/risiggnew\/","title":{"rendered":"RISIIGNEW"},"content":{"rendered":"<p><img decoding=\"async\" class=\"size-full wp-image-1918 aligncenter\" alt=\"Rampa de tijera\" src=\"http:\/\/rotalift.com\/rotalift\/wp-content\/uploads\/2014\/09\/risiignew.jpg\" \/><\/a><\/p>\n<p>&nbsp;<\/p>\n<p><strong>Rampa de tijera con capacidad de 3.2 TON<\/strong><\/p>\n<p style=\"text-align: justify;\">Caja de controles automatizada para mayor seguridad, sistema de seguros neum\u00e1ticos que mejoran el sistema tradicional de los seguros mec\u00e1nicos de otras rampas, lo que permite subir o bajar la rampa apretando un solo bot\u00f3n.<\/p>\n<p style=\"text-align: justify;\">La plataforma est\u00e1 dise\u00f1ada para extenderse y as\u00ed ser compatible con la mayor\u00eda de veh\u00edculos. Dise\u00f1o moderno que permite quedar oculta y tener una altura m\u00e1xima de 2.05 metros. Este modelo no cuenta con doble pist\u00f3n en cada lado.<\/p>\n<p style=\"text-align: justify;\">Elevador de tijera electrohidr\u00e1ulico sirve para inspecci\u00f3n y reparaciones automotrices, generalmente se usa para suspensi\u00f3n\u00a0y chequeo de fallas, es muy f\u00e1cil de colocar el veh\u00edculo y elevarlo.<\/p>\n<hr \/>\n<p>&nbsp;<\/p>\n<p>[creativ_columns structure=&#8221;33|67&#8243;][creativ_col position=&#8221;a&#8221;]<img loading=\"lazy\" decoding=\"async\" class=\"alignnone  wp-image-2052\" alt=\"toma de fuerza para rampa rissignew\" src=\"http:\/\/rotalift.com\/rotalift\/wp-content\/uploads\/2014\/02\/toma-de-fuerza-rissignew.jpg\" width=\"135\" height=\"135\" \/><\/a>[\/creativ_col][creativ_col position=&#8221;b&#8221;]<\/p>\n<p>Control autom\u00e1tico \u00a0de acci\u00f3n simple para \u00a0escendido, ascenso, descenso y liberaci\u00f3n de los seguros neum\u00e1ticos.[\/creativ_col][\/creativ_columns]<\/p>\n<p>[creativ_columns structure=&#8221;33|67&#8243;][creativ_col position=&#8221;a&#8221;]<a href=\"http:\/\/rotalift.com\/rotalift\/wp-content\/uploads\/2014\/02\/seguros.jpg\"><img loading=\"lazy\" decoding=\"async\" class=\"alignnone  wp-image-2053\" alt=\"seguro\" src=\"http:\/\/rotalift.com\/rotalift\/wp-content\/uploads\/2014\/02\/seguros.jpg\" width=\"135\" height=\"135\" \/><\/a>\u00a0[\/creativ_col][creativ_col position=&#8221;b&#8221;]<\/p>\n<p>&nbsp;<\/p>\n<p>Seguros neum\u00e1ticos para evitar accidentes o descensos no programados [\/creativ_col][\/creativ_columns]<\/p>\n<p>[creativ_columns structure=&#8221;33|67&#8243;][creativ_col position=&#8221;a&#8221;]\u00a0<img loading=\"lazy\" decoding=\"async\" class=\"alignnone  wp-image-2054\" alt=\"tacon_rissignew\" src=\"http:\/\/rotalift.com\/rotalift\/wp-content\/uploads\/2014\/02\/tacon_rissignew.jpg\" width=\"135\" height=\"135\" \/><\/a>[\/creativ_col][creativ_col position=&#8221;b&#8221;]Cuenta con tacones de neopreno para mejorar sujeci\u00f3n del veh\u00edculo y evitar resbalones. Adem\u00e1s incluye extensiones \u00a0para poder trabajar con autos con mayor distancia entre ejes<\/p>\n<p>[\/creativ_col][\/creativ_columns]<\/p>\n<p>&nbsp;<\/p>\n<p style=\"text-align: justify;\">\n","protected":false},"excerpt":{"rendered":"<p>&nbsp; Rampa de tijera con capacidad de 3.2 TON Caja de controles automatizada para mayor seguridad, sistema de seguros neum\u00e1ticos que mejoran el sistema tradicional de los seguros mec\u00e1nicos de otras rampas, lo que permite subir o bajar la rampa apretando un solo bot\u00f3n. La plataforma est\u00e1 dise\u00f1ada para extenderse y as\u00ed ser compatible con [&hellip;]<\/p>\n","protected":false},"author":1,"featured_media":0,"parent":0,"menu_order":0,"comment_status":"closed","ping_status":"closed","template":"","meta":{"_et_pb_use_builder":"","_et_pb_old_content":"","_et_gb_content_width":"","footnotes":""},"class_list":["post-386","page","type-page","status-publish","hentry"],"aioseo_notices":[],"_links":{"self":[{"href":"https:\/\/rotalift.com\/rotalift\/wp-json\/wp\/v2\/pages\/386","targetHints":{"allow":["GET"]}}],"collection":[{"href":"https:\/\/rotalift.com\/rotalift\/wp-json\/wp\/v2\/pages"}],"about":[{"href":"https:\/\/rotalift.com\/rotalift\/wp-json\/wp\/v2\/types\/page"}],"author":[{"embeddable":true,"href":"https:\/\/rotalift.com\/rotalift\/wp-json\/wp\/v2\/users\/1"}],"replies":[{"embeddable":true,"href":"https:\/\/rotalift.com\/rotalift\/wp-json\/wp\/v2\/comments?post=386"}],"version-history":[{"count":0,"href":"https:\/\/rotalift.com\/rotalift\/wp-json\/wp\/v2\/pages\/386\/revisions"}],"wp:attachment":[{"href":"https:\/\/rotalift.com\/rotalift\/wp-json\/wp\/v2\/media?parent=386"}],"curies":[{"name":"wp","href":"https:\/\/api.w.org\/{rel}","templated":true}]}}