{"id":4370,"date":"2017-07-23T20:08:12","date_gmt":"2017-07-24T02:08:12","guid":{"rendered":"http:\/\/rotalift.com\/rotalift\/?page_id=4370"},"modified":"2025-07-16T00:37:52","modified_gmt":"2025-07-16T00:37:52","slug":"servicio-express","status":"publish","type":"page","link":"https:\/\/rotalift.com\/rotalift\/servicio-express\/","title":{"rendered":"SOLUCIONES EXPR\u00c9S"},"content":{"rendered":"<p>[et_pb_section fb_built=&#8221;1&#8243; _builder_version=&#8221;3.22&#8243;][et_pb_row _builder_version=&#8221;3.25&#8243; background_size=&#8221;initial&#8221; background_position=&#8221;top_left&#8221; background_repeat=&#8221;repeat&#8221;][et_pb_column type=&#8221;4_4&#8243; _builder_version=&#8221;3.25&#8243; custom_padding=&#8221;|||&#8221; custom_padding__hover=&#8221;|||&#8221;][et_pb_text _builder_version=&#8221;4.6.6&#8243; _module_preset=&#8221;default&#8221;]<\/p>\n<h2 style=\"text-align: center;\"><strong>SOLUCIONES <span style=\"color: #ff0000;\">EXPR\u00c9S<\/span><\/strong><\/h2>\n<p>[\/et_pb_text][\/et_pb_column][\/et_pb_row][et_pb_row column_structure=&#8221;1_2,1_2&#8243; _builder_version=&#8221;4.6.6&#8243; _module_preset=&#8221;default&#8221; background_color=&#8221;#FFFFFF&#8221; border_color_all=&#8221;#FFFFFF&#8221;][et_pb_column type=&#8221;1_2&#8243; _builder_version=&#8221;4.6.6&#8243; _module_preset=&#8221;default&#8221;][et_pb_text _builder_version=&#8221;4.6.6&#8243; _module_preset=&#8221;default&#8221;]<\/p>\n<h4><a href=\"https:\/\/rotalift.com\/rotalift\/wp-content\/uploads\/2017\/08\/FRE283.png\"><img loading=\"lazy\" decoding=\"async\" class=\"wp-image-4692 aligncenter\" src=\"https:\/\/rotalift.com\/rotalift\/wp-content\/uploads\/2017\/08\/FRE283.png\" alt=\"\" width=\"65\" height=\"207\" \/><\/a><\/h4>\n<p>Comprobador de l\u00edquido de frenos para determinar r\u00e1pida y sencilla la calidad del l\u00edquido, resistente a roturas de \u00e1cido con 4 niveles de luces led que indican con precisi\u00f3n el contenido de agua en el l\u00edquido de frenos.[\/et_pb_text][\/et_pb_column][et_pb_column type=&#8221;1_2&#8243; _builder_version=&#8221;4.6.6&#8243; _module_preset=&#8221;default&#8221;][et_pb_text _builder_version=&#8221;4.6.6&#8243; _module_preset=&#8221;default&#8221;]<\/p>\n<h3>FRE283<\/h3>\n<p>Comprobador de l\u00edquido de frenos<\/p>\n<p>&nbsp;<br \/>\n<iframe loading=\"lazy\" width=\"560\" height=\"315\" src=\"https:\/\/www.youtube.com\/embed\/i3Tc6bV8Bbg\" title=\"YouTube video player\" frameborder=\"0\" allow=\"accelerometer; autoplay; clipboard-write; encrypted-media; gyroscope; picture-in-picture\" allowfullscreen><\/iframe>[\/et_pb_text][\/et_pb_column][\/et_pb_row][et_pb_row admin_label=&#8221;linea&#8221; _builder_version=&#8221;4.6.6&#8243; _module_preset=&#8221;default&#8221;][et_pb_column type=&#8221;4_4&#8243; _builder_version=&#8221;4.6.6&#8243; _module_preset=&#8221;default&#8221;][et_pb_text _builder_version=&#8221;4.6.6&#8243; _module_preset=&#8221;default&#8221;]<\/p>\n<hr \/>\n<p>&nbsp;<\/p>\n<p>[\/et_pb_text][\/et_pb_column][\/et_pb_row][et_pb_row column_structure=&#8221;1_2,1_2&#8243; admin_label=&#8221;boya&#8221; _builder_version=&#8221;4.6.6&#8243; _module_preset=&#8221;default&#8221;][et_pb_column type=&#8221;1_2&#8243; _builder_version=&#8221;4.6.6&#8243; _module_preset=&#8221;default&#8221;][et_pb_text _builder_version=&#8221;4.6.6&#8243; _module_preset=&#8221;default&#8221;]<\/p>\n<h3>BYO-5110<\/h3>\n<p>Boya de frenos<\/p>\n<p><iframe loading=\"lazy\" title=\"YouTube video player\" src=\"https:\/\/www.youtube.com\/embed\/lBgMQHHmmg0\" width=\"560\" height=\"315\" frameborder=\"0\" allowfullscreen=\"allowfullscreen\"><\/iframe><\/p>\n<p>[\/et_pb_text][\/et_pb_column][et_pb_column type=&#8221;1_2&#8243; _builder_version=&#8221;4.6.6&#8243; _module_preset=&#8221;default&#8221;][et_pb_text _builder_version=&#8221;4.6.6&#8243; _module_preset=&#8221;default&#8221;]<\/p>\n<p><a href=\"https:\/\/rotalift.com\/rotalift\/wp-content\/uploads\/2017\/08\/byo-5110-1.png\"><img loading=\"lazy\" decoding=\"async\" class=\"wp-image-4694 aligncenter\" src=\"https:\/\/rotalift.com\/rotalift\/wp-content\/uploads\/2017\/08\/byo-5110-1.png\" alt=\"boya de frenos\" width=\"322\" height=\"305\" \/><\/a><\/p>\n<h4>\u00a0<\/h4>\n<p>Boya neum\u00e1tica para purgar el sistema de frenos, con capacidad de 5 L, incluye adaptadores para el dep\u00f3sito del l\u00edquido de frenos.<\/p>\n<p>[\/et_pb_text][\/et_pb_column][\/et_pb_row][et_pb_row admin_label=&#8221;linea&#8221; _builder_version=&#8221;4.6.6&#8243; _module_preset=&#8221;default&#8221; hover_enabled=&#8221;0&#8243; disabled_on=&#8221;on|on|on&#8221; disabled=&#8221;on&#8221; sticky_enabled=&#8221;0&#8243;][et_pb_column type=&#8221;4_4&#8243; _builder_version=&#8221;4.6.6&#8243; _module_preset=&#8221;default&#8221;][et_pb_text _builder_version=&#8221;4.6.6&#8243; _module_preset=&#8221;default&#8221;]<\/p>\n<hr \/>\n<p>&nbsp;<\/p>\n<p>[\/et_pb_text][\/et_pb_column][\/et_pb_row][et_pb_row column_structure=&#8221;1_2,1_2&#8243; admin_label=&#8221;reparador ponchaduras&#8221; _builder_version=&#8221;4.6.6&#8243; _module_preset=&#8221;default&#8221; hover_enabled=&#8221;0&#8243; disabled_on=&#8221;on|on|on&#8221; disabled=&#8221;on&#8221; sticky_enabled=&#8221;0&#8243;][et_pb_column type=&#8221;1_2&#8243; _builder_version=&#8221;4.6.6&#8243; _module_preset=&#8221;default&#8221;][et_pb_text _builder_version=&#8221;4.6.6&#8243; _module_preset=&#8221;default&#8221;]<\/p>\n<h3><a href=\"https:\/\/rotalift.com\/rotalift\/wp-content\/uploads\/2017\/08\/PU-115999.png\"><img loading=\"lazy\" decoding=\"async\" class=\"wp-image-4714 aligncenter\" src=\"https:\/\/rotalift.com\/rotalift\/wp-content\/uploads\/2017\/08\/PU-115999.png\" alt=\"repara neum\u00e1ticos express\" width=\"248\" height=\"262\" \/><\/a><\/h3>\n<p>Herramienta ideal para la reparaci\u00f3n de neum\u00e1ticos en da\u00f1os ocasionados por tornillos y\/o clavos. Repara el da\u00f1o f\u00e1cil y sencillo a un bajo costo.No recomendable para reparaciones en costado de llantas.<\/p>\n<p>[\/et_pb_text][\/et_pb_column][et_pb_column type=&#8221;1_2&#8243; _builder_version=&#8221;4.6.6&#8243; _module_preset=&#8221;default&#8221;][et_pb_text _builder_version=&#8221;4.6.6&#8243; _module_preset=&#8221;default&#8221;]<\/p>\n<h3>RL-PU-115999<\/h3>\n<p><strong>Repara neum\u00e1ticos de forma expr\u00e9s<\/strong><\/p>\n<p><iframe loading=\"lazy\" title=\"YouTube video player\" src=\"https:\/\/www.youtube.com\/embed\/v-oPdhnkIYA\" width=\"560\" height=\"315\" frameborder=\"0\" allowfullscreen=\"allowfullscreen\"><\/iframe><\/p>\n<p>[\/et_pb_text][\/et_pb_column][\/et_pb_row][et_pb_row admin_label=&#8221;linea&#8221; _builder_version=&#8221;4.6.6&#8243; _module_preset=&#8221;default&#8221;][et_pb_column type=&#8221;4_4&#8243; _builder_version=&#8221;4.6.6&#8243; _module_preset=&#8221;default&#8221;][et_pb_text _builder_version=&#8221;4.6.6&#8243; _module_preset=&#8221;default&#8221;]<\/p>\n<hr \/>\n<p>&nbsp;<\/p>\n<p>[\/et_pb_text][\/et_pb_column][\/et_pb_row][et_pb_row column_structure=&#8221;1_2,1_2&#8243; admin_label=&#8221;EAB6&#8243; _builder_version=&#8221;4.6.6&#8243; _module_preset=&#8221;default&#8221;][et_pb_column type=&#8221;1_2&#8243; _builder_version=&#8221;4.6.6&#8243; _module_preset=&#8221;default&#8221;][et_pb_text _builder_version=&#8221;4.6.6&#8243; _module_preset=&#8221;default&#8221;]<\/p>\n<h3>EAB603<\/h3>\n<p>Detecta el estado del anticongelante<\/p>\n<p><iframe loading=\"lazy\" title=\"YouTube video player\" src=\"https:\/\/www.youtube.com\/embed\/wm0VlyK-NVc\" width=\"560\" height=\"315\" frameborder=\"0\" allowfullscreen=\"allowfullscreen\"><\/iframe><\/p>\n<p>[\/et_pb_text][\/et_pb_column][et_pb_column type=&#8221;1_2&#8243; _builder_version=&#8221;4.6.6&#8243; _module_preset=&#8221;default&#8221;][et_pb_text _builder_version=&#8221;4.6.6&#8243; _module_preset=&#8221;default&#8221;]<\/p>\n<p><img loading=\"lazy\" decoding=\"async\" class=\"wp-image-4378 aligncenter\" src=\"https:\/\/rotalift.com\/rotalift\/wp-content\/uploads\/2017\/07\/EAB603.jpg\" alt=\"EAB603\" width=\"279\" height=\"250\" \/><\/p>\n<p>Herramienta para detectar el estado del anticongelante en el sistema de enfriamiento, as\u00ed como para preparar la solvencia exacta del anticongelante.<\/p>\n<p>&nbsp;<\/p>\n<p>[\/et_pb_text][\/et_pb_column][\/et_pb_row][et_pb_row admin_label=&#8221;linea&#8221; _builder_version=&#8221;4.6.6&#8243; _module_preset=&#8221;default&#8221;][et_pb_column type=&#8221;4_4&#8243; _builder_version=&#8221;4.6.6&#8243; _module_preset=&#8221;default&#8221;][et_pb_text _builder_version=&#8221;4.6.6&#8243; _module_preset=&#8221;default&#8221;]<\/p>\n<hr \/>\n<p>&nbsp;<\/p>\n<p>[\/et_pb_text][\/et_pb_column][\/et_pb_row][et_pb_row column_structure=&#8221;1_2,1_2&#8243; admin_label=&#8221;MEDFR&#8221; _builder_version=&#8221;4.6.6&#8243; _module_preset=&#8221;default&#8221;][et_pb_column type=&#8221;1_2&#8243; _builder_version=&#8221;4.6.6&#8243; _module_preset=&#8221;default&#8221;][et_pb_text _builder_version=&#8221;4.6.6&#8243; _module_preset=&#8221;default&#8221;]<\/p>\n<p><a href=\"https:\/\/rotalift.com\/rotalift\/wp-content\/uploads\/2017\/08\/medfvr.png\"><img loading=\"lazy\" decoding=\"async\" class=\"wp-image-4726 aligncenter\" src=\"https:\/\/rotalift.com\/rotalift\/wp-content\/uploads\/2017\/08\/medfvr.png\" alt=\"medidor de \" width=\"316\" height=\"196\" \/><\/a><\/p>\n<p>Medidor de desgaste de las pastillas de frenos y\/o balatas.<\/p>\n<p>[\/et_pb_text][\/et_pb_column][et_pb_column type=&#8221;1_2&#8243; _builder_version=&#8221;4.6.6&#8243; _module_preset=&#8221;default&#8221;][et_pb_text _builder_version=&#8221;4.6.6&#8243; _module_preset=&#8221;default&#8221;]<\/p>\n<h3>MEDFRVW<\/h3>\n<p>&nbsp;<\/p>\n<p><iframe loading=\"lazy\" title=\"YouTube video player\" src=\"https:\/\/www.youtube.com\/embed\/uXZVXbcozmI\" width=\"560\" height=\"315\" frameborder=\"0\" allowfullscreen=\"allowfullscreen\"><\/iframe><\/p>\n<p>[\/et_pb_text][\/et_pb_column][\/et_pb_row][et_pb_row admin_label=&#8221;linea&#8221; _builder_version=&#8221;4.6.6&#8243; _module_preset=&#8221;default&#8221;][et_pb_column type=&#8221;4_4&#8243; _builder_version=&#8221;4.6.6&#8243; _module_preset=&#8221;default&#8221;][et_pb_text _builder_version=&#8221;4.6.6&#8243; _module_preset=&#8221;default&#8221;]<\/p>\n<hr \/>\n<p>&nbsp;<\/p>\n<p>[\/et_pb_text][\/et_pb_column][\/et_pb_row][et_pb_row column_structure=&#8221;1_2,1_2&#8243; admin_label=&#8221;tina&#8221; _builder_version=&#8221;4.6.6&#8243; _module_preset=&#8221;default&#8221;][et_pb_column type=&#8221;1_2&#8243; _builder_version=&#8221;4.6.6&#8243; _module_preset=&#8221;default&#8221;][et_pb_text _builder_version=&#8221;4.6.6&#8243; _module_preset=&#8221;default&#8221;]<\/p>\n<h3>52460<\/h3>\n<p>Tina lavadora de frenos<\/p>\n<p><iframe loading=\"lazy\" title=\"YouTube video player\" src=\"https:\/\/www.youtube.com\/embed\/XkMHmZkMDaQ\" width=\"560\" height=\"315\" frameborder=\"0\" allowfullscreen=\"allowfullscreen\"><\/iframe><\/p>\n<p>[\/et_pb_text][\/et_pb_column][et_pb_column type=&#8221;1_2&#8243; _builder_version=&#8221;4.6.6&#8243; _module_preset=&#8221;default&#8221;][et_pb_text _builder_version=&#8221;4.6.6&#8243; _module_preset=&#8221;default&#8221;]<\/p>\n<p><img loading=\"lazy\" decoding=\"async\" class=\" wp-image-4436 aligncenter\" src=\"https:\/\/rotalift.com\/rotalift\/wp-content\/uploads\/2017\/07\/lavadora-de-frenos.jpg\" alt=\"lavadora de frenos\" width=\"140\" height=\"263\" \/><\/p>\n<p>Tina de lavado de herramientas y piezas. Tanque de 70 litros. Incluye un cepillo de pl\u00e1stico y pistola para secado mediante aire comprimido.<\/p>\n<p>El vaciado del dep\u00f3sito se produce bajo presi\u00f3n.<\/p>\n<p>[\/et_pb_text][\/et_pb_column][\/et_pb_row][et_pb_row admin_label=&#8221;linea&#8221; _builder_version=&#8221;4.6.6&#8243; _module_preset=&#8221;default&#8221;][et_pb_column type=&#8221;4_4&#8243; _builder_version=&#8221;4.6.6&#8243; _module_preset=&#8221;default&#8221;][et_pb_text _builder_version=&#8221;4.6.6&#8243; _module_preset=&#8221;default&#8221;]<\/p>\n<hr \/>\n<p>&nbsp;<\/p>\n<p>[\/et_pb_text][\/et_pb_column][\/et_pb_row][et_pb_row column_structure=&#8221;1_2,1_2&#8243; admin_label=&#8221;53427&#8243; _builder_version=&#8221;4.6.6&#8243; _module_preset=&#8221;default&#8221;][et_pb_column type=&#8221;1_2&#8243; _builder_version=&#8221;4.6.6&#8243; _module_preset=&#8221;default&#8221;][et_pb_text _builder_version=&#8221;4.6.6&#8243; _module_preset=&#8221;default&#8221;]<\/p>\n<p><img loading=\"lazy\" decoding=\"async\" class=\"wp-image-4729 aligncenter\" src=\"https:\/\/rotalift.com\/rotalift\/wp-content\/uploads\/2017\/08\/53427.png\" alt=\"vacuometro\" width=\"248\" height=\"266\" \/><\/p>\n<p>Probador y vacu\u00f3metro de l\u00edquido de frenos.<\/p>\n<p>[\/et_pb_text][\/et_pb_column][et_pb_column type=&#8221;1_2&#8243; _builder_version=&#8221;4.6.6&#8243; _module_preset=&#8221;default&#8221;][et_pb_text _builder_version=&#8221;4.6.6&#8243; _module_preset=&#8221;default&#8221;]<\/p>\n<h3>53427<\/h3>\n<p><iframe loading=\"lazy\" title=\"YouTube video player\" src=\"https:\/\/www.youtube.com\/embed\/dbKjxt8Wlq0\" width=\"560\" height=\"315\" frameborder=\"0\" allowfullscreen=\"allowfullscreen\"><\/iframe><\/p>\n<p>[\/et_pb_text][\/et_pb_column][\/et_pb_row][et_pb_row admin_label=&#8221;linea&#8221; _builder_version=&#8221;4.6.6&#8243; _module_preset=&#8221;default&#8221;][et_pb_column type=&#8221;4_4&#8243; _builder_version=&#8221;4.6.6&#8243; _module_preset=&#8221;default&#8221;][et_pb_text _builder_version=&#8221;4.6.6&#8243; _module_preset=&#8221;default&#8221;]<\/p>\n<hr \/>\n<p>&nbsp;<\/p>\n<p>[\/et_pb_text][\/et_pb_column][\/et_pb_row][et_pb_row column_structure=&#8221;1_2,1_2&#8243; admin_label=&#8221;probador nitrogeno&#8221; _builder_version=&#8221;4.6.6&#8243; _module_preset=&#8221;default&#8221;][et_pb_column type=&#8221;1_2&#8243; _builder_version=&#8221;4.6.6&#8243; _module_preset=&#8221;default&#8221;][et_pb_text _builder_version=&#8221;4.6.6&#8243; _module_preset=&#8221;default&#8221;]<\/p>\n<h3>1053N2<\/h3>\n<p>Probador de pureza de nitr\u00f3geno<\/p>\n<p>&nbsp;<br \/>\n<iframe loading=\"lazy\" width=\"560\" height=\"315\" src=\"https:\/\/www.youtube.com\/embed\/NwLBMVkhZTI\" title=\"YouTube video player\" frameborder=\"0\" allow=\"accelerometer; autoplay; clipboard-write; encrypted-media; gyroscope; picture-in-picture\" allowfullscreen><\/iframe>[\/et_pb_text][\/et_pb_column][et_pb_column type=&#8221;1_2&#8243; _builder_version=&#8221;4.6.6&#8243; _module_preset=&#8221;default&#8221;][et_pb_text _builder_version=&#8221;4.6.6&#8243; _module_preset=&#8221;default&#8221;]<\/p>\n<p><img loading=\"lazy\" decoding=\"async\" class=\" wp-image-4372 aligncenter\" src=\"https:\/\/rotalift.com\/rotalift\/wp-content\/uploads\/2017\/07\/1053N2.jpg\" alt=\"\" width=\"209\" height=\"240\" \/><\/p>\n<p>Se especializa para medir la pureza del nitr\u00f3geno mediante un display, es f\u00e1cil de operar y configurar. Utiliza pila Alcalina cuadrada 9V lo cual vuelve pr\u00e1ctico y portable.<\/p>\n<p>[\/et_pb_text][\/et_pb_column][\/et_pb_row][\/et_pb_section]<\/p>\n","protected":false},"excerpt":{"rendered":"<p>[et_pb_section fb_built=&#8221;1&#8243; _builder_version=&#8221;3.22&#8243;][et_pb_row _builder_version=&#8221;3.25&#8243; background_size=&#8221;initial&#8221; background_position=&#8221;top_left&#8221; background_repeat=&#8221;repeat&#8221;][et_pb_column type=&#8221;4_4&#8243; _builder_version=&#8221;3.25&#8243; custom_padding=&#8221;|||&#8221; custom_padding__hover=&#8221;|||&#8221;][et_pb_text _builder_version=&#8221;4.6.6&#8243; _module_preset=&#8221;default&#8221;] SOLUCIONES EXPR\u00c9S [\/et_pb_text][\/et_pb_column][\/et_pb_row][et_pb_row column_structure=&#8221;1_2,1_2&#8243; _builder_version=&#8221;4.6.6&#8243; _module_preset=&#8221;default&#8221; background_color=&#8221;#FFFFFF&#8221; border_color_all=&#8221;#FFFFFF&#8221;][et_pb_column type=&#8221;1_2&#8243; _builder_version=&#8221;4.6.6&#8243; _module_preset=&#8221;default&#8221;][et_pb_text _builder_version=&#8221;4.6.6&#8243; _module_preset=&#8221;default&#8221;] Comprobador de l\u00edquido de frenos para determinar r\u00e1pida y sencilla la calidad del l\u00edquido, resistente a roturas de \u00e1cido con 4 niveles de luces led que indican con precisi\u00f3n [&hellip;]<\/p>\n","protected":false},"author":1,"featured_media":0,"parent":0,"menu_order":0,"comment_status":"closed","ping_status":"closed","template":"","meta":{"_et_pb_use_builder":"on","_et_pb_old_content":"[well type=\"well-lg\"]\r\n\r\n[creativ_columns structure=\"50|50\"][creativ_col position=\"a\"]\r\n<h4><a href=\"http:\/\/rotalift.com\/rotalift\/wp-content\/uploads\/2017\/08\/FRE283.png\"><img class=\"wp-image-4692 aligncenter\" src=\"http:\/\/rotalift.com\/rotalift\/wp-content\/uploads\/2017\/08\/FRE283.png\" alt=\"\" width=\"65\" height=\"207\" \/><\/a><\/h4>\r\nComprobador de l\u00edquido de frenos para determinar r\u00e1pida y sencilla la calidad del l\u00edquido, resistente a roturas de \u00e1cido con 4 niveles de luces led que indican con precisi\u00f3n el contenido de agua en el l\u00edquido de frenos.[\/creativ_col][creativ_col position=\"b\"]\r\n\r\n\u00a0\r\n<h3>FRE283<\/h3>\r\nComprobador de l\u00edquido de frenos\r\n\r\n[creativ_media type=\"youtube\" url=\"https:\/\/www.youtube.com\/watch?v=JVJSfCc8rT0\"]\r\n\r\n[\/creativ_col][\/creativ_columns]<br class=\"osc\" \/>[\/well]\r\n\r\n[creativ_columns structure=\"50|50\"][creativ_col position=\"a\"]\r\n\r\n\u00a0\r\n\r\n<h3>BYO-5110<\/h3>\r\n\r\nBoya de frenos\r\n\r\n[creativ_media type=\"youtube\" url=\"https:\/\/www.youtube.com\/watch?v=HrNSa8B1Li4\"]\r\n\r\n[\/creativ_col][creativ_col position=\"b\"]\r\n\r\n<a href=\"http:\/\/rotalift.com\/rotalift\/wp-content\/uploads\/2017\/08\/byo-5110-1.png\"><img class=\"wp-image-4694 aligncenter\" src=\"http:\/\/rotalift.com\/rotalift\/wp-content\/uploads\/2017\/08\/byo-5110-1.png\" alt=\"boya de frenos\" width=\"322\" height=\"305\" \/><\/a>\r\n\r\n<h4><\/h4>\r\n\r\nBoya neum\u00e1tica para purgar el sistema de frenos, con capacidad de 5 L, incluye adaptadores para el dep\u00f3sito del l\u00edquido de frenos.\r\n\r\n[\/creativ_col][\/creativ_columns]\r\n\r\n[well type=\"well-lg\"]\r\n\r\n[creativ_columns structure=\"50|50\"][creativ_col position=\"a\"]\r\n<h3><a href=\"http:\/\/rotalift.com\/rotalift\/wp-content\/uploads\/2017\/08\/PU-115999.png\"><img class=\"wp-image-4714 aligncenter\" src=\"http:\/\/rotalift.com\/rotalift\/wp-content\/uploads\/2017\/08\/PU-115999.png\" alt=\"repara neum\u00e1ticos express\" width=\"248\" height=\"262\" \/><\/a><\/h3>\r\nHerramienta ideal para la reparaci\u00f3n de neum\u00e1ticos en da\u00f1os ocasionados por tornillos y\/o clavos. Repara el da\u00f1o f\u00e1cil y sencillo a un bajo costo.No recomendable para reparaciones en costado de llantas.\r\n\r\n[\/creativ_col][creativ_col position=\"b\"]\r\n\r\n\u00a0\r\n<h3>PU-115999<\/h3>\r\n<strong>Repara neum\u00e1ticos de forma express\u00a0<\/strong>\r\n\r\n[creativ_media type=\"youtube\" url=\"https:\/\/www.youtube.com\/watch?v=5VTheF1t-MQ\"]\r\n\r\n[\/creativ_col][\/creativ_columns]<br class=\"osc\" \/>[\/well]\r\n\r\n[creativ_columns structure=\"50|50\"][creativ_col position=\"a\"]\r\n\r\n\u00a0\r\n\r\n<h3>EAB603<\/h3>\r\n\r\nDetecta el estado del anticongelante\r\n\r\n[creativ_media type=\"youtube\" url=\"https:\/\/www.youtube.com\/watch?v=wm0VlyK-NVc\"]\r\n\r\n[\/creativ_col][creativ_col position=\"b\"]\r\n\r\n<img class=\"wp-image-4378 aligncenter\" src=\"http:\/\/rotalift.com\/rotalift\/wp-content\/uploads\/2017\/07\/EAB603.jpg\" alt=\"EAB603\" width=\"279\" height=\"250\" \/>\r\n\r\nHerramienta para detectar el estado del anticongelante en el sistema de enfriamiento, as\u00ed como para preparar la solvencia exacta del anticongelante.\r\n\r\n[\/creativ_col][\/creativ_columns]\r\n\r\n[well type=\"well-lg\"]\r\n\r\n[creativ_columns structure=\"50|50\"][creativ_col position=\"a\"]\r\n\r\n<a href=\"http:\/\/rotalift.com\/rotalift\/wp-content\/uploads\/2017\/08\/medfvr.png\"><img class=\"wp-image-4726 aligncenter\" src=\"http:\/\/rotalift.com\/rotalift\/wp-content\/uploads\/2017\/08\/medfvr.png\" alt=\"medidor de \" width=\"316\" height=\"196\" \/><\/a>\r\n\r\nMedidor de desgaste de las pastillas de frenos y\/o balatas.\r\n\r\n[\/creativ_col][creativ_col position=\"b\"]\r\n<h3>MEDFRVW<\/h3>\r\n[creativ_media type=\"youtube\" url=\"https:\/\/www.youtube.com\/watch?v=vzRyLI1c_XM&feature=youtu.be\"]\r\n\r\n[\/creativ_col][\/creativ_columns]<br class=\"osc\" \/>[\/well]\r\n\r\n[creativ_columns structure=\"50|50\"][creativ_col position=\"a\"]\r\n\r\n<h3>52460<\/h3>\r\n\r\nTina lavadora de frenos\r\n\r\n[creativ_media type=\"youtube\" url=\"https:\/\/www.youtube.com\/watch?v=DxavWXTa7oI\"]\r\n\r\n[\/creativ_col][creativ_col position=\"b\"]\r\n\r\n<img class=\" wp-image-4436 aligncenter\" src=\"http:\/\/rotalift.com\/rotalift\/wp-content\/uploads\/2017\/07\/lavadora-de-frenos.jpg\" alt=\"lavadora de frenos\" width=\"140\" height=\"263\" \/>\r\n\r\nTina de lavado de herramientas y piezas. Tanque de 70 litros. Incluye un cepillo de pl\u00e1stico y pistola para secado mediante aire comprimido.\r\n\r\nEl vaciado del dep\u00f3sito se produce bajo presi\u00f3n.\r\n\r\n[\/creativ_col][\/creativ_columns]\r\n\r\n[well type=\"well-lg\"]\r\n\r\n[creativ_columns structure=\"50|50\"][creativ_col position=\"a\"]\r\n\r\n<img class=\"wp-image-4729 aligncenter\" src=\"http:\/\/rotalift.com\/rotalift\/wp-content\/uploads\/2017\/08\/53427.png\" alt=\"vacuometro\" width=\"248\" height=\"266\" \/>\r\n\r\nProbador y vacu\u00f3metro de l\u00edquido de frenos.\r\n\r\n[\/creativ_col][creativ_col position=\"b\"]\r\n<h3>53427<\/h3>\r\n[creativ_media type=\"youtube\" url=\"https:\/\/www.youtube.com\/watch?v=bpRZzxucKRI\"]\r\n\r\n[\/creativ_col][\/creativ_columns]<br class=\"osc\" \/>[\/well]\r\n\r\n[creativ_columns structure=\"50|50\"][creativ_col position=\"a\"]\r\n\r\n<h3>1053N2<\/h3>\r\n\r\nProbador de pureza de nitr\u00f3geno\r\n\r\n[creativ_media type=\"youtube\" url=\"https:\/\/www.youtube.com\/watch?v=tX7k5QBlzHY\"]\r\n\r\n[\/creativ_col][creativ_col position=\"b\"]\r\n\r\n<img class=\" wp-image-4372 aligncenter\" src=\"http:\/\/rotalift.com\/rotalift\/wp-content\/uploads\/2017\/07\/1053N2.jpg\" alt=\"\" width=\"209\" height=\"240\" \/>\r\n\r\nSe especializa para medir la pureza del nitr\u00f3geno mediante un display, es f\u00e1cil de operar y configurar. Utiliza pila Alcalina cuadrada 9V lo cual vuelve pr\u00e1ctico y portable.\r\n\r\n\u00a0\r\n\r\n[\/creativ_col][\/creativ_columns]\r\n\r\n[creativ_columns structure=\"50|50\"][creativ_col position=\"a\"]\r\n\r\n\u00a0\r\n\r\n\u00a0\r\n\r\n<img class=\"size-full wp-image-5068 aligncenter\" src=\"http:\/\/rotalift.com\/rotalift\/wp-content\/uploads\/2017\/07\/medidor-profundad.png\" alt=\"\" width=\"283\" height=\"191\" \/>\r\n\r\n[\/creativ_col][creativ_col position=\"b\"]\r\n\r\n<h3>MPLL<\/h3>\r\n\r\nMedidor de profundidad de llantas.\r\n\r\n[creativ_media type=\"youtube\" url=\"https:\/\/www.youtube.com\/watch?v=2eJfXqXMCSc\"]\r\n\r\n[\/creativ_col][\/creativ_columns]","_et_gb_content_width":"","footnotes":""},"class_list":["post-4370","page","type-page","status-publish","hentry"],"aioseo_notices":[],"_links":{"self":[{"href":"https:\/\/rotalift.com\/rotalift\/wp-json\/wp\/v2\/pages\/4370","targetHints":{"allow":["GET"]}}],"collection":[{"href":"https:\/\/rotalift.com\/rotalift\/wp-json\/wp\/v2\/pages"}],"about":[{"href":"https:\/\/rotalift.com\/rotalift\/wp-json\/wp\/v2\/types\/page"}],"author":[{"embeddable":true,"href":"https:\/\/rotalift.com\/rotalift\/wp-json\/wp\/v2\/users\/1"}],"replies":[{"embeddable":true,"href":"https:\/\/rotalift.com\/rotalift\/wp-json\/wp\/v2\/comments?post=4370"}],"version-history":[{"count":14,"href":"https:\/\/rotalift.com\/rotalift\/wp-json\/wp\/v2\/pages\/4370\/revisions"}],"predecessor-version":[{"id":28506,"href":"https:\/\/rotalift.com\/rotalift\/wp-json\/wp\/v2\/pages\/4370\/revisions\/28506"}],"wp:attachment":[{"href":"https:\/\/rotalift.com\/rotalift\/wp-json\/wp\/v2\/media?parent=4370"}],"curies":[{"name":"wp","href":"https:\/\/api.w.org\/{rel}","templated":true}]}}