{"id":4431,"date":"2017-07-27T12:23:03","date_gmt":"2017-07-27T18:23:03","guid":{"rendered":"http:\/\/rotalift.com\/rotalift\/?page_id=4431"},"modified":"2017-07-27T12:23:03","modified_gmt":"2017-07-27T18:23:03","slug":"frenos","status":"publish","type":"page","link":"https:\/\/rotalift.com\/rotalift\/frenos\/","title":{"rendered":"FRENOS"},"content":{"rendered":"<p>[creativ_columns structure=&#8221;50|50&#8243;][creativ_col position=&#8221;a&#8221;]<\/p>\n<p><img loading=\"lazy\" decoding=\"async\" class=\"alignnone  wp-image-4439\" src=\"http:\/\/rotalift.com\/rotalift\/wp-content\/uploads\/2017\/07\/byo-5110-1.jpg\" alt=\"\" width=\"416\" height=\"361\" \/><\/a><\/p>\n<h3>BYO-5110<\/h3>\n<p>Boya neum\u00e1tica para purgar el sistema de frenos, con capacidad de 5 L, incluye adaptadores para el dep\u00f3sito del l\u00edquido de frenos.<\/p>\n<p>[\/creativ_col][creativ_col position=&#8221;b&#8221;]<\/p>\n<p><img loading=\"lazy\" decoding=\"async\" class=\"wp-image-4433 aligncenter\" src=\"http:\/\/rotalift.com\/rotalift\/wp-content\/uploads\/2017\/07\/53427.jpg\" alt=\"53427 vacupmetro\" width=\"331\" height=\"344\" \/><\/p>\n<h3>53427<\/h3>\n<p>Probador y vacu\u00f3metro de l\u00edquido de frenos.<\/p>\n<p>[\/creativ_col][\/creativ_columns]<\/p>\n<p>&nbsp;<\/p>\n<p>[creativ_columns structure=&#8221;50|50&#8243;][creativ_col position=&#8221;a&#8221;]<\/p>\n<p><img loading=\"lazy\" decoding=\"async\" class=\" wp-image-4436 aligncenter\" src=\"http:\/\/rotalift.com\/rotalift\/wp-content\/uploads\/2017\/07\/lavadora-de-frenos.jpg\" alt=\"lavadora de frenos\" width=\"211\" height=\"368\" \/><\/p>\n<h3>LAVADORA DE FRENOS<\/h3>\n<p>Tina de lavado de herramientas y piezas. Tanque de 70 litros. Incluye un cepillo de pl\u00e1stico y pistola para secado mediante aire comprimido.<\/p>\n<p>El vaciado del dep\u00f3sito se produce bajo presi\u00f3n.<\/p>\n<p>[\/creativ_col][creativ_col position=&#8221;b&#8221;][\/creativ_col][\/creativ_columns]<\/p>\n","protected":false},"excerpt":{"rendered":"<p>[creativ_columns structure=&#8221;50|50&#8243;][creativ_col position=&#8221;a&#8221;] BYO-5110 Boya neum\u00e1tica para purgar el sistema de frenos, con capacidad de 5 L, incluye adaptadores para el dep\u00f3sito del l\u00edquido de frenos. [\/creativ_col][creativ_col position=&#8221;b&#8221;] 53427 Probador y vacu\u00f3metro de l\u00edquido de frenos. [\/creativ_col][\/creativ_columns] &nbsp; [creativ_columns structure=&#8221;50|50&#8243;][creativ_col position=&#8221;a&#8221;] LAVADORA DE FRENOS Tina de lavado de herramientas y piezas. Tanque de 70 litros. [&hellip;]<\/p>\n","protected":false},"author":1,"featured_media":0,"parent":0,"menu_order":0,"comment_status":"closed","ping_status":"closed","template":"page-templates\/no-sidebar.php","meta":{"_et_pb_use_builder":"","_et_pb_old_content":"","_et_gb_content_width":"","footnotes":""},"class_list":["post-4431","page","type-page","status-publish","hentry"],"aioseo_notices":[],"_links":{"self":[{"href":"https:\/\/rotalift.com\/rotalift\/wp-json\/wp\/v2\/pages\/4431","targetHints":{"allow":["GET"]}}],"collection":[{"href":"https:\/\/rotalift.com\/rotalift\/wp-json\/wp\/v2\/pages"}],"about":[{"href":"https:\/\/rotalift.com\/rotalift\/wp-json\/wp\/v2\/types\/page"}],"author":[{"embeddable":true,"href":"https:\/\/rotalift.com\/rotalift\/wp-json\/wp\/v2\/users\/1"}],"replies":[{"embeddable":true,"href":"https:\/\/rotalift.com\/rotalift\/wp-json\/wp\/v2\/comments?post=4431"}],"version-history":[{"count":0,"href":"https:\/\/rotalift.com\/rotalift\/wp-json\/wp\/v2\/pages\/4431\/revisions"}],"wp:attachment":[{"href":"https:\/\/rotalift.com\/rotalift\/wp-json\/wp\/v2\/media?parent=4431"}],"curies":[{"name":"wp","href":"https:\/\/api.w.org\/{rel}","templated":true}]}}