{"id":4520,"date":"2017-07-31T00:42:37","date_gmt":"2017-07-31T06:42:37","guid":{"rendered":"http:\/\/rotalift.com\/rotalift\/?page_id=4520"},"modified":"2025-10-20T01:54:14","modified_gmt":"2025-10-20T01:54:14","slug":"opresores-de-resortes","status":"publish","type":"page","link":"https:\/\/rotalift.com\/rotalift\/opresores-de-resortes\/","title":{"rendered":"OPRESORES DE RESORTES"},"content":{"rendered":"<p>[et_pb_section fb_built=&#8221;1&#8243; admin_label=&#8221;section&#8221; _builder_version=&#8221;3.22&#8243; custom_padding=&#8221;||12px|||&#8221;][et_pb_row column_structure=&#8221;1_2,1_2&#8243; _builder_version=&#8221;4.6.6&#8243; _module_preset=&#8221;default&#8221;][et_pb_column type=&#8221;1_2&#8243; _builder_version=&#8221;4.6.6&#8243; _module_preset=&#8221;default&#8221;][et_pb_image src=&#8221;https:\/\/rotalift.com\/rotalift\/wp-content\/uploads\/2025\/07\/opresor-movil-copy.jpg&#8221; alt=&#8221;opresor de resortes&#8221; title_text=&#8221;opresor de resortes&#8221; _builder_version=&#8221;4.6.6&#8243; _module_preset=&#8221;default&#8221;][\/et_pb_image][et_pb_text _builder_version=&#8221;4.6.6&#8243; _module_preset=&#8221;default&#8221; header_font=&#8221;Poppins|700|||||||&#8221;]<\/p>\n<h1>OPRESOR DE RESORTES<\/h1>\n<h2>OP-1<\/h2>\n<h3>Opresor de resortes para suspensiones tipo McPherson.<\/h3>\n<h3>El mejor en su g\u00e9nero, fabricado en una sola pieza doblado en fri\u00f3, especializado en suspensi\u00f3n Mcpherson, tiene soportes inferiores, husillo para determinar altura y desplazamiento de efecto r\u00e1pido, doble balero, diferente sistema de guarda de protecci\u00f3n para evitar accidentes.<\/h3>\n<p>[\/et_pb_text][et_pb_video src=&#8221;https:\/\/www.youtube.com\/shorts\/fpTcsuPOFrI&#8221; _builder_version=&#8221;4.6.6&#8243; _module_preset=&#8221;default&#8221;][\/et_pb_video][\/et_pb_column][et_pb_column type=&#8221;1_2&#8243; _builder_version=&#8221;4.6.6&#8243; _module_preset=&#8221;default&#8221;][et_pb_image src=&#8221;https:\/\/rotalift.com\/rotalift\/wp-content\/uploads\/2025\/07\/opresor-movil-copy-1.jpg&#8221; alt=&#8221;opresor-de resortes neumatico&#8221; title_text=&#8221;opresor-de resortes neumatico&#8221; _builder_version=&#8221;4.6.6&#8243; _module_preset=&#8221;default&#8221;][\/et_pb_image][et_pb_text _builder_version=&#8221;4.6.6&#8243; _module_preset=&#8221;default&#8221; header_font=&#8221;Poppins|700|||||||&#8221;]<\/p>\n<h1>OPRESOR DE RESORTES NEUM\u00c1TICO<\/h1>\n<h2>OP-ITA<\/h2>\n<h3>El mejor opresor de resorte neum\u00e1tico, \u00fatil y pr\u00e1ctico, f\u00e1cil manejo, especializado en suspensi\u00f3n Mcpherson, tiene soportes inferiores, desplazamiento de efecto r\u00e1pido, diferentes guardas de protecci\u00f3n para evitar que el resorte salga disparado hacia el operador. Reduciendo el tiempo de trabajo invertido.<\/h3>\n<h3>Permite f\u00e1cilmente quitar el resorte del amortiguador reduciendo el trabajo del operador, cuenta con guarda protectora que reduce el riesgo de que el resorte salga disparado hacia el operador, f\u00e1cil de manejar, reduce el tiempo de trabajo invertido.<\/h3>\n<p>[\/et_pb_text][et_pb_video src=&#8221;https:\/\/www.youtube.com\/shorts\/-Xb1kzuikGM&#8221; _builder_version=&#8221;4.6.6&#8243; _module_preset=&#8221;default&#8221;][\/et_pb_video][\/et_pb_column][\/et_pb_row][\/et_pb_section][et_pb_section fb_built=&#8221;1&#8243; _builder_version=&#8221;4.6.6&#8243; _module_preset=&#8221;default&#8221; custom_padding=&#8221;55px|||||&#8221; locked=&#8221;off&#8221;][et_pb_row _builder_version=&#8221;4.6.6&#8243; _module_preset=&#8221;default&#8221;][et_pb_column type=&#8221;4_4&#8243; _builder_version=&#8221;4.6.6&#8243; _module_preset=&#8221;default&#8221;][et_pb_text _builder_version=&#8221;4.6.6&#8243; _module_preset=&#8221;default&#8221; custom_padding=&#8221;6px|||||&#8221;]<\/p>\n<h2 style=\"text-align: center;\"><strong>\u00bfEst\u00e1 interesado en un alg\u00fan modelo?<\/strong><\/h2>\n<h1 style=\"text-align: center;\"><span style=\"color: #ff0000;\"><strong>CONT\u00c1CTANOS<\/strong><\/span><\/h1>\n<p>[\/et_pb_text][\/et_pb_column][\/et_pb_row][et_pb_row _builder_version=&#8221;4.6.6&#8243; _module_preset=&#8221;default&#8221;][et_pb_column type=&#8221;4_4&#8243; _builder_version=&#8221;4.6.6&#8243; _module_preset=&#8221;default&#8221;][et_pb_text _builder_version=&#8221;4.6.6&#8243; _module_preset=&#8221;default&#8221;]<\/p>\n<p style=\"text-align: center;\"><style type=\"text\/css\" id=\"cspFormShell_11_454700_style\">#cspFormShell_11_454700 {}\n#cspFormShell_11_454700 label {\n\twidth: 100%;\n}\n\/*Fields shell basic*\/\n#cspFormShell_11_454700 .cfsFieldShell input:not([type=\"checkbox\"]):not([type=\"radio\"]),\n#cspFormShell_11_454700 .cfsFieldShell textarea,\n#cspFormShell_11_454700 .cfsFieldShell .cfsListSelect, \n#cspFormShell_11_454700 .cfsFieldShell .cfsCheck,\n#cspFormShell_11_454700 .cfsFieldShell button{\n    padding: 10px;\n    width: 100%;\n    font-size: 18px;\n    line-height: normal;  \tborder: 1px solidrgba(51,51,51,0.1);\n    color:rgba(51,51,51,0.7);\n  \tbackground-color:#f7f7f7;    hyphens: none;\n    border-radius: 0;\n    margin: 0;\n    max-width: 100%;\n    vertical-align: baseline;\n  \tdisplay: block;\n  \theight: auto;\n}\n#cspFormShell_11_454700 .cfsFieldShell input[type=\"submit\"]:not([type=\"checkbox\"]):not([type=\"radio\"]), \n#cspFormShell_11_454700 .cfsFieldShell input[type=\"reset\"]:not([type=\"checkbox\"]):not([type=\"radio\"]), \n#cspFormShell_11_454700 .cfsFieldShell input[type=\"button\"],\n#cspFormShell_11_454700 .cfsFieldShell button {\n\tcursor: pointer;\n  \tfont-weight: 700;\n    border: 0 none;\n    color: #fff;\n    text-transform: uppercase;\n  \t-webkit-appearance: none;\n}\n#cspFormShell_11_454700 .cfsFieldShell input[type=\"submit\"]:not([type=\"checkbox\"]):not([type=\"radio\"]), \n#cspFormShell_11_454700 .cfsFieldShell input[type=\"button\"],\n#cspFormShell_11_454700 .cfsFieldShell button {  \tbackground-color: #ef0b0b;\n  \tbackground-image: none;}\n#cspFormShell_11_454700 .cfsFieldShell input[type=\"submit\"]:not([type=\"checkbox\"]):not([type=\"radio\"]):hover, \n#cspFormShell_11_454700 .cfsFieldShell input[type=\"button\"]:hover,\n#cspFormShell_11_454700 .cfsFieldShell button:hover {  \tbackground-color:rgba(239,11,11,0.7);}\n#cspFormShell_11_454700 .cfsFieldShell input[type=\"reset\"]:not([type=\"checkbox\"]):not([type=\"radio\"]) {  \tbackground-color: #333333;\n  \tbackground-image: none;}\n#cspFormShell_11_454700 .cfsFieldShell input[type=\"reset\"]:not([type=\"checkbox\"]):not([type=\"radio\"]):hover {  \tbackground-color:rgba(51,51,51,0.7);}\n\/* Placeholder text color -- selectors need to be separate to work. *\/\n#cspFormShell_11_454700 ::-webkit-input-placeholder {\n\tcolor: rgba(51, 51, 51, 0.7);\n}\n#cspFormShell_11_454700 :-moz-placeholder {\n\tcolor: rgba(51, 51, 51, 0.7);\n}\n#cspFormShell_11_454700 ::-moz-placeholder {\n\tcolor: rgba(51, 51, 51, 0.7);\n\topacity: 1; \/* Since FF19 lowers the opacity of the placeholder by default *\/\n}\n#cspFormShell_11_454700 :-ms-input-placeholder {\n\tcolor: rgba(51, 51, 51, 0.7);\n}#cspFormShell_11_454700 { width: 100%}#cspFormShell_11_454700 .cfsSuccessMsg { color: #ff0707 !important}<\/style><div id=\"cspFormShell_11_454700\" class=\"cfsFormShell\"><form class=\"csfForm\" method=\"post\" action=\"https:\/\/rotalift.com\/rotalift\/\">\n<div class=\"supRow cfsFieldsRow\"><div class=\"supSm6 cfsFieldCol\" data-name=\"first_name\" data-type=\"text\"><div class=\"cfsFieldShell cfsField_text\" ><input type=\"text\" name=\"fields[first_name]\" value=\"\" data-name=\"first_name\" required  placeholder=\"Nombre\" \/><\/div><\/div><div class=\"supSm6 cfsFieldCol\" data-name=\"last_name\" data-type=\"text\"><div class=\"cfsFieldShell cfsField_text\" ><input type=\"text\" name=\"fields[last_name]\" value=\"\" data-name=\"last_name\" placeholder=\"Apellido\" \/><\/div><\/div><\/div><div class=\"supRow cfsFieldsRow\"><div class=\"supSm12 cfsFieldCol\" data-name=\"email\" data-type=\"email\"><div class=\"cfsFieldShell cfsField_email\" ><input type=\"email\" name=\"fields[email]\" value=\"\" data-name=\"email\" required  placeholder=\"Email\" \/><\/div><\/div><\/div><div class=\"supRow cfsFieldsRow\"><div class=\"supSm12 cfsFieldCol\" data-name=\"telefono\" data-type=\"text\"><div class=\"cfsFieldShell cfsField_text\" ><input type=\"text\" name=\"fields[telefono]\" value=\"\" data-name=\"telefono\" placeholder=\"Tel\u00e9fono\" \/><\/div><\/div><\/div><div class=\"supRow cfsFieldsRow\"><div class=\"supSm12 cfsFieldCol\" data-name=\"ESTADO\" data-type=\"selectlist\"><div class=\"cfsFieldShell cfsField_selectlist\" ><label><span class=\"cfsListSelectLabel\">ESTADO DE LA REP\u00daBLICA <\/span><span class=\"cfsListSelect\"><select multiple=\"multiple\" size=\"5\" name=\"fields[ESTADO][]\" data-name=\"ESTADO\"><option value=\"AGUASCALIENTES\" >AGUASCALIENTES<\/option><option value=\"BAJA CALIFORNIA\" >BAJA CALIFORNIA<\/option><option value=\"BAJA CALIFORNIA SUR\" >BAJA CALIFORNIA SUR<\/option><option value=\"CAMPECHE\" >CAMPECHE<\/option><option value=\"CHIAPAS\" >CHIAPAS<\/option><option value=\"CHIHUAHUA\" >CHIHUAHUA<\/option><option value=\"COLIMA\" >COLIMA<\/option><option value=\"DURANGO\" >DURANGO<\/option><option value=\"M\u00c9XICO\" >M\u00c9XICO<\/option><option value=\"GUANAJUATO\" >GUANAJUATO<\/option><option value=\"GUERRERO\" >GUERRERO<\/option><option value=\"HIDALGO\" >HIDALGO<\/option><option value=\"JALISCO\" >JALISCO<\/option><option value=\"MICHOACAN\" >MICHOACAN<\/option><option value=\"MORELOS\" >MORELOS<\/option><option value=\"NAYARIT\" >NAYARIT<\/option><option value=\"NUEVO LE\u00d3N\" >NUEVO LE\u00d3N<\/option><option value=\"OAXACA\" >OAXACA<\/option><option value=\"PUEBLA\" >PUEBLA<\/option><option value=\"QUER\u00c9TARO\" >QUER\u00c9TARO<\/option><option value=\"QUINTANA ROO\" >QUINTANA ROO<\/option><option value=\"SAN LUIS POTOSI\" >SAN LUIS POTOSI<\/option><option value=\"SINALOA\" >SINALOA<\/option><option value=\"SONORA\" >SONORA<\/option><option value=\"TABASCO\" >TABASCO<\/option><option value=\"TAMAULIPAS\" >TAMAULIPAS<\/option><option value=\"TLAXCALA\" >TLAXCALA<\/option><option value=\"VERACRUZ\" >VERACRUZ<\/option><option value=\"YUCAT\u00c1N\" >YUCAT\u00c1N<\/option><option value=\"ZACATECAS\" >ZACATECAS<\/option><\/select><\/span><\/label><\/div><\/div><\/div><div class=\"supRow cfsFieldsRow\"><div class=\"supSm12 cfsFieldCol\" data-name=\"subject\" data-type=\"text\"><div class=\"cfsFieldShell cfsField_text\" ><input type=\"text\" name=\"fields[subject]\" value=\"\" data-name=\"subject\" required  placeholder=\"Asunto\" \/><\/div><\/div><\/div><div class=\"supRow cfsFieldsRow\"><div class=\"supSm12 cfsFieldCol\" data-name=\"MENSAJE\" data-type=\"textarea\"><div class=\"cfsFieldShell cfsField_textarea\" ><textarea name=\"fields[MENSAJE]\" data-name=\"MENSAJE\" placeholder=\"MENSAJE\" supRows=\"3\" cols=\"50\"><\/textarea><\/div><\/div><\/div><div class=\"supRow cfsFieldsRow\"><div class=\"supSm12 cfsFieldCol\" data-name=\"acepto\" data-type=\"checkbox\"><div class=\"cfsFieldShell cfsField_checkbox\" ><label class=\"cfsCheck\"><input type=\"checkbox\" name=\"fields[acepto]\" value=\"acepto\" data-name=\"acepto\" style=\"height: auto; width: auto; margin: 0; padding: 0;\" checked \/>&nbsp;Al enviar su mensaje acepta unirse a nuestro newsletter para recibir informaci\u00f3n<\/label><\/div><\/div><\/div><div class=\"supRow cfsFieldsRow\"><div class=\"supSm6 cfsFieldCol\" data-name=\"send\" data-type=\"submit\"><div class=\"cfsFieldShell cfsField_submit\" ><input type=\"submit\" name=\"fields[send]\" value=\"ENVIAR\" data-name=\"send\" \/><\/div><\/div><div class=\"supSm6 cfsFieldCol\" data-name=\"reset\" data-type=\"reset\"><div class=\"cfsFieldShell cfsField_reset\" ><input type=\"reset\" name=\"fields[reset]\" value=\"LIMPIAR\" data-name=\"reset\" \/><\/div><\/div><\/div>\n<input type=\"hidden\" name=\"mod\" value=\"forms\"  \/><input type=\"hidden\" name=\"action\" value=\"contact\"  \/><input type=\"hidden\" name=\"id\" value=\"11\"  \/><input type=\"hidden\" name=\"_wpnonce\" value=\"40c4ab0d94\"  \/><div class=\"cfsContactMsg\"><\/div><\/form><\/div><span style=\"display: none !important;\" class=\"cfsFormDesc\">eyJpZCI6IjExIiwibGFiZWwiOiJjb250YWN0byIsImFjdGl2ZSI6IjEiLCJvcmlnaW5hbF9pZCI6IjEiLCJ1bmlxdWVfaWQiOiJ3ZWZqMiIsInBhcmFtcyI6eyJlbmFibGVGb3JNZW1iZXJzaGlwIjoiMCIsInRwbCI6eyJ3aWR0aCI6IjEwMCIsIndpZHRoX21lYXN1cmUiOiIlIiwiYmdfdHlwZV8wIjoibm9uZSIsImJnX2ltZ18wIjoiIiwiYmdfY29sb3JfMCI6IiM4MWQ3NDIiLCJiZ190eXBlXzEiOiJjb2xvciIsImJnX2ltZ18xIjoiIiwiYmdfY29sb3JfMSI6IiMzMzMzMzMiLCJiZ190eXBlXzIiOiJjb2xvciIsImJnX2ltZ18yIjoiIiwiYmdfY29sb3JfMiI6IiNlZjBiMGIiLCJiZ190eXBlXzMiOiJjb2xvciIsImJnX2ltZ18zIjoiIiwiYmdfY29sb3JfMyI6IiMzMzMzMzMiLCJmaWVsZF9lcnJvcl9pbnZhbGlkIjoiIiwiZm9ybV9zZW50X21zZyI6IkdyYWNpYXMgcG9yIGNvbnRhY3Rhcm5vcywgbm9zIGNvbXVuaWNhcmVtb3MgZW4gYnJldmUiLCJmb3JtX3NlbnRfbXNnX2NvbG9yIjoiI2ZmMDcwNyIsImhpZGVfb25fc3VibWl0IjoiMSIsInJlZGlyZWN0X29uX3N1Ym1pdCI6IiIsInRlc3RfZW1haWwiOiJyb3RhbGlmdG14OEBnbWFpbC5jb20iLCJzYXZlX2NvbnRhY3RzIjoiMSIsImV4cF9kZWxpbSI6IjsiLCJmYl9jb252ZXJ0X2Jhc2UiOiIiLCJmaWVsZF93cmFwcGVyIjoiPGRpdiBbZmllbGRfc2hlbGxfY2xhc3Nlc10gW2ZpZWxkX3NoZWxsX3N0eWxlc10+W2ZpZWxkXTxcL2Rpdj4ifSwiZmllbGRzIjpbeyJic19jbGFzc19pZCI6IjYiLCJuYW1lIjoiZmlyc3RfbmFtZSIsImxhYmVsIjoiIiwicGxhY2Vob2xkZXIiOiJOb21icmUiLCJ2YWx1ZSI6IiIsInZhbHVlX3ByZXNldCI6IiIsImh0bWwiOiJ0ZXh0IiwibWFuZGF0b3J5IjoiMSIsIm1pbl9zaXplIjoiIiwibWF4X3NpemUiOiIiLCJhZGRfY2xhc3NlcyI6IiIsImFkZF9zdHlsZXMiOiIiLCJhZGRfYXR0ciI6IiIsInZuX29ubHlfbnVtYmVyIjoiMCIsInZuX29ubHlfbGV0dGVycyI6IjAiLCJ2bl9wYXR0ZXJuIjoiMCIsInZuX2VxdWFsIjoiIiwiaWNvbl9jbGFzcyI6IiIsImljb25fc2l6ZSI6IiIsImljb25fY29sb3IiOiIiLCJ0ZXJtcyI6IiJ9LHsiYnNfY2xhc3NfaWQiOiI2IiwibmFtZSI6Imxhc3RfbmFtZSIsImxhYmVsIjoiIiwicGxhY2Vob2xkZXIiOiJBcGVsbGlkbyIsInZhbHVlIjoiIiwidmFsdWVfcHJlc2V0IjoiIiwiaHRtbCI6InRleHQiLCJtYW5kYXRvcnkiOiIwIiwibWluX3NpemUiOiIiLCJtYXhfc2l6ZSI6IiIsImFkZF9jbGFzc2VzIjoiIiwiYWRkX3N0eWxlcyI6IiIsImFkZF9hdHRyIjoiIiwidm5fb25seV9udW1iZXIiOiIwIiwidm5fb25seV9sZXR0ZXJzIjoiMCIsInZuX3BhdHRlcm4iOiIwIiwidm5fZXF1YWwiOiIiLCJpY29uX2NsYXNzIjoiIiwiaWNvbl9zaXplIjoiIiwiaWNvbl9jb2xvciI6IiIsInRlcm1zIjoiIn0seyJic19jbGFzc19pZCI6IjEyIiwibmFtZSI6ImVtYWlsIiwibGFiZWwiOiIiLCJwbGFjZWhvbGRlciI6IkVtYWlsIiwidmFsdWUiOiIiLCJodG1sIjoiZW1haWwiLCJtYW5kYXRvcnkiOiIxIiwibWluX3NpemUiOiIiLCJtYXhfc2l6ZSI6IiIsImFkZF9jbGFzc2VzIjoiIiwiYWRkX3N0eWxlcyI6IiIsImFkZF9hdHRyIjoiIiwidm5fb25seV9udW1iZXIiOiIwIiwidm5fb25seV9sZXR0ZXJzIjoiMCIsInZuX3BhdHRlcm4iOiIwIn0seyJic19jbGFzc19pZCI6IjEyIiwibmFtZSI6InRlbGVmb25vIiwibGFiZWwiOiIiLCJwbGFjZWhvbGRlciI6IlRlbFx1MDBlOWZvbm8iLCJ2YWx1ZSI6IiIsInZhbHVlX3ByZXNldCI6IiIsImh0bWwiOiJ0ZXh0IiwibWFuZGF0b3J5IjoiMCIsIm1pbl9zaXplIjoiIiwibWF4X3NpemUiOiIiLCJhZGRfY2xhc3NlcyI6IiIsImFkZF9zdHlsZXMiOiIiLCJhZGRfYXR0ciI6IiIsInZuX29ubHlfbnVtYmVyIjoiMCIsInZuX29ubHlfbGV0dGVycyI6IjAiLCJ2bl9wYXR0ZXJuIjoiIiwidm5fZXF1YWwiOiIiLCJpY29uX2NsYXNzIjoiIiwiaWNvbl9zaXplIjoiIiwiaWNvbl9jb2xvciI6IiIsInRlcm1zIjoiIn0seyJic19jbGFzc19pZCI6IjEyIiwibmFtZSI6IkVTVEFETyIsImxhYmVsIjoiRVNUQURPIERFIExBIFJFUFx1MDBkYUJMSUNBIiwidmFsdWUiOiJFTElHRSBVTiBFU1RBRE8iLCJ2YWx1ZV9wcmVzZXQiOiIiLCJodG1sIjoic2VsZWN0bGlzdCIsIm1hbmRhdG9yeSI6IjEiLCJsYWJlbF9kZWxpbSI6IiIsImFkZF9jbGFzc2VzIjoiIiwiYWRkX3N0eWxlcyI6IiIsImFkZF9hdHRyIjoiIiwiaWNvbl9jbGFzcyI6IiIsImljb25fc2l6ZSI6IiIsImljb25fY29sb3IiOiIiLCJ0ZXJtcyI6IiIsIm9wdGlvbnMiOlt7Im5hbWUiOiJBR1VBU0NBTElFTlRFUyIsImxhYmVsIjoiQUdVQVNDQUxJRU5URVMifSx7Im5hbWUiOiJCQUpBIENBTElGT1JOSUEiLCJsYWJlbCI6IkJBSkEgQ0FMSUZPUk5JQSJ9LHsibmFtZSI6IkJBSkEgQ0FMSUZPUk5JQSBTVVIiLCJsYWJlbCI6IkJBSkEgQ0FMSUZPUk5JQSBTVVIifSx7Im5hbWUiOiJDQU1QRUNIRSIsImxhYmVsIjoiQ0FNUEVDSEUifSx7Im5hbWUiOiJDSElBUEFTIiwibGFiZWwiOiJDSElBUEFTIn0seyJuYW1lIjoiQ0hJSFVBSFVBIiwibGFiZWwiOiJDSElIVUFIVUEifSx7Im5hbWUiOiJDT0xJTUEiLCJsYWJlbCI6IkNPTElNQSJ9LHsibmFtZSI6IkRVUkFOR08iLCJsYWJlbCI6IkRVUkFOR08ifSx7Im5hbWUiOiJNXHUwMGM5WElDTyIsImxhYmVsIjoiTVx1MDBjOVhJQ08ifSx7Im5hbWUiOiJHVUFOQUpVQVRPIiwibGFiZWwiOiJHVUFOQUpVQVRPIn0seyJuYW1lIjoiR1VFUlJFUk8iLCJsYWJlbCI6IkdVRVJSRVJPIn0seyJuYW1lIjoiSElEQUxHTyIsImxhYmVsIjoiSElEQUxHTyJ9LHsibmFtZSI6IkpBTElTQ08iLCJsYWJlbCI6IkpBTElTQ08ifSx7Im5hbWUiOiJNSUNIT0FDQU4iLCJsYWJlbCI6Ik1JQ0hPQUNBTiJ9LHsibmFtZSI6Ik1PUkVMT1MiLCJsYWJlbCI6Ik1PUkVMT1MifSx7Im5hbWUiOiJOQVlBUklUIiwibGFiZWwiOiJOQVlBUklUIn0seyJuYW1lIjoiTlVFVk8gTEVcdTAwZDNOIiwibGFiZWwiOiJOVUVWTyBMRVx1MDBkM04ifSx7Im5hbWUiOiJPQVhBQ0EiLCJsYWJlbCI6Ik9BWEFDQSJ9LHsibmFtZSI6IlBVRUJMQSIsImxhYmVsIjoiUFVFQkxBIn0seyJuYW1lIjoiUVVFUlx1MDBjOVRBUk8iLCJsYWJlbCI6IlFVRVJcdTAwYzlUQVJPIn0seyJuYW1lIjoiUVVJTlRBTkEgUk9PIiwibGFiZWwiOiJRVUlOVEFOQSBST08ifSx7Im5hbWUiOiJTQU4gTFVJUyBQT1RPU0kiLCJsYWJlbCI6IlNBTiBMVUlTIFBPVE9TSSJ9LHsibmFtZSI6IlNJTkFMT0EiLCJsYWJlbCI6IlNJTkFMT0EifSx7Im5hbWUiOiJTT05PUkEiLCJsYWJlbCI6IlNPTk9SQSJ9LHsibmFtZSI6IlRBQkFTQ08iLCJsYWJlbCI6IlRBQkFTQ08ifSx7Im5hbWUiOiJUQU1BVUxJUEFTIiwibGFiZWwiOiJUQU1BVUxJUEFTIn0seyJuYW1lIjoiVExBWENBTEEiLCJsYWJlbCI6IlRMQVhDQUxBIn0seyJuYW1lIjoiVkVSQUNSVVoiLCJsYWJlbCI6IlZFUkFDUlVaIn0seyJuYW1lIjoiWVVDQVRcdTAwYzFOIiwibGFiZWwiOiJZVUNBVFx1MDBjMU4ifSx7Im5hbWUiOiJaQUNBVEVDQVMiLCJsYWJlbCI6IlpBQ0FURUNBUyJ9XX0seyJic19jbGFzc19pZCI6IjEyIiwibmFtZSI6InN1YmplY3QiLCJsYWJlbCI6IiIsInBsYWNlaG9sZGVyIjoiQXN1bnRvIiwidmFsdWUiOiIiLCJ2YWx1ZV9wcmVzZXQiOiIiLCJodG1sIjoidGV4dCIsIm1hbmRhdG9yeSI6IjEiLCJtaW5fc2l6ZSI6IiIsIm1heF9zaXplIjoiIiwiYWRkX2NsYXNzZXMiOiIiLCJhZGRfc3R5bGVzIjoiIiwiYWRkX2F0dHIiOiIiLCJ2bl9vbmx5X251bWJlciI6IjAiLCJ2bl9vbmx5X2xldHRlcnMiOiIwIiwidm5fcGF0dGVybiI6IjAiLCJ2bl9lcXVhbCI6IiIsImljb25fY2xhc3MiOiIiLCJpY29uX3NpemUiOiIiLCJpY29uX2NvbG9yIjoiIiwidGVybXMiOiIifSx7ImJzX2NsYXNzX2lkIjoiMTIiLCJuYW1lIjoiTUVOU0FKRSIsImxhYmVsIjoiIiwicGxhY2Vob2xkZXIiOiJNRU5TQUpFIiwidmFsdWUiOiIiLCJ2YWx1ZV9wcmVzZXQiOiIiLCJodG1sIjoidGV4dGFyZWEiLCJtYW5kYXRvcnkiOiIwIiwibWluX3NpemUiOiIiLCJtYXhfc2l6ZSI6IiIsImFkZF9jbGFzc2VzIjoiIiwiYWRkX3N0eWxlcyI6IiIsImFkZF9hdHRyIjoiIiwidm5fb25seV9udW1iZXIiOiIwIiwidm5fb25seV9sZXR0ZXJzIjoiMCIsInZuX3BhdHRlcm4iOiIiLCJ2bl9lcXVhbCI6IiIsImljb25fY2xhc3MiOiIiLCJpY29uX3NpemUiOiIiLCJpY29uX2NvbG9yIjoiIiwidGVybXMiOiIifSx7ImJzX2NsYXNzX2lkIjoiMTIiLCJuYW1lIjoiYWNlcHRvIiwibGFiZWwiOiJBbCBlbnZpYXIgc3UgbWVuc2FqZSBhY2VwdGEgdW5pcnNlIGEgbnVlc3RybyBuZXdzbGV0dGVyIHBhcmEgcmVjaWJpciBpbmZvcm1hY2lcdTAwZjNuIiwidmFsdWUiOiJhY2VwdG8iLCJ2YWx1ZV9wcmVzZXQiOiIiLCJodG1sIjoiY2hlY2tib3giLCJkZWZfY2hlY2tlZCI6IjEiLCJtYW5kYXRvcnkiOiIwIiwiYWRkX2NsYXNzZXMiOiIiLCJhZGRfc3R5bGVzIjoiIiwiYWRkX2F0dHIiOiIiLCJpY29uX2NsYXNzIjoiIiwiaWNvbl9zaXplIjoiIiwiaWNvbl9jb2xvciI6IiIsInRlcm1zIjoiIn0seyJic19jbGFzc19pZCI6IjYiLCJuYW1lIjoic2VuZCIsImxhYmVsIjoiRU5WSUFSIiwiaHRtbCI6InN1Ym1pdCIsImFkZF9jbGFzc2VzIjoiIiwiYWRkX3N0eWxlcyI6IiIsImFkZF9hdHRyIjoiIiwiaWNvbl9jbGFzcyI6IiIsImljb25fc2l6ZSI6IiIsImljb25fY29sb3IiOiIiLCJ0ZXJtcyI6IiJ9LHsiYnNfY2xhc3NfaWQiOiI2IiwibmFtZSI6InJlc2V0IiwibGFiZWwiOiJMSU1QSUFSIiwiaHRtbCI6InJlc2V0IiwiYWRkX2NsYXNzZXMiOiIiLCJhZGRfc3R5bGVzIjoiIiwiYWRkX2F0dHIiOiIiLCJ0ZXJtcyI6IiJ9XSwib3B0c19hdHRycyI6eyJiZ19udW1iZXIiOiI0In19LCJpbWdfcHJldmlldyI6ImJhc2UtY29udGFjdC5qcGciLCJ2aWV3cyI6IjExMDk4MiIsInVuaXF1ZV92aWV3cyI6IjcxMDMzIiwiYWN0aW9ucyI6Ijg3OSIsInNvcnRfb3JkZXIiOiIxIiwiaXNfcHJvIjoiMCIsImFiX2lkIjoiMCIsImRhdGVfY3JlYXRlZCI6IjIwMTYtMDUtMDMgMTU6MDE6MDMiLCJpbWdfcHJldmlld191cmwiOiJodHRwczpcL1wvcm90YWxpZnQuY29tXC9yb3RhbGlmdFwvd3AtY29udGVudFwvcGx1Z2luc1wvY29udGFjdC1mb3JtLWJ5LXN1cHN5c3RpY1wvYXNzZXRzXC9mb3Jtc1wvaW1nXC9wcmV2aWV3XC9iYXNlLWNvbnRhY3QuanBnIiwidmlld19pZCI6IjExXzQ1NDcwMCIsInZpZXdfaHRtbF9pZCI6ImNzcEZvcm1TaGVsbF8xMV80NTQ3MDAiLCJjb25uZWN0X2hhc2giOiJlNGJhOTczNmE5NjVhYTYzYWI1OTViYWYzMTE5NmJlOCJ9<\/span><\/p>\n<p>[\/et_pb_text][\/et_pb_column][\/et_pb_row][et_pb_row column_structure=&#8221;1_2,1_2&#8243; admin_label=&#8221;Row&#8221; _builder_version=&#8221;4.6.6&#8243; background_size=&#8221;initial&#8221; background_position=&#8221;top_left&#8221; background_repeat=&#8221;repeat&#8221; make_fullwidth=&#8221;off&#8221; use_custom_width=&#8221;off&#8221; width_unit=&#8221;on&#8221; custom_width_px=&#8221;1080px&#8221; custom_width_percent=&#8221;80%&#8221;][et_pb_column type=&#8221;1_2&#8243; _builder_version=&#8221;3.25&#8243; custom_padding=&#8221;|||&#8221; custom_padding__hover=&#8221;|||&#8221;][et_pb_text admin_label=&#8221;Text&#8221; _builder_version=&#8221;4.6.6&#8243; background_size=&#8221;initial&#8221; background_position=&#8221;top_left&#8221; background_repeat=&#8221;repeat&#8221; use_border_color=&#8221;off&#8221; border_style=&#8221;solid&#8221;]<\/p>\n<h6><img loading=\"lazy\" decoding=\"async\" class=\"alignnone wp-image-5360 aligncenter\" src=\"https:\/\/rotalift.com\/rotalift\/wp-content\/uploads\/2019\/01\/MAPS.png\" alt=\"\" width=\"65\" height=\"67\" \/><\/h6>\n<h6 style=\"text-align: center;\">\u00c1REA METROPILITANA<\/h6>\n<h6 style=\"text-align: center;\">Av. Luis Manuel Rojas 32, Constituci\u00f3n de 1917, Ciudad de M\u00e9xico, CDMX, C.P. 09260<\/h6>\n<h6 style=\"text-align: center;\">5558452270 | 58459776<\/h6>\n<p>&nbsp;<br \/>\n[\/et_pb_text][\/et_pb_column][et_pb_column type=&#8221;1_2&#8243; _builder_version=&#8221;3.25&#8243; custom_padding=&#8221;|||&#8221; custom_padding__hover=&#8221;|||&#8221;][et_pb_text admin_label=&#8221;Text&#8221; _builder_version=&#8221;4.6.6&#8243; background_size=&#8221;initial&#8221; background_position=&#8221;top_left&#8221; background_repeat=&#8221;repeat&#8221; use_border_color=&#8221;off&#8221; border_style=&#8221;solid&#8221;]<\/p>\n<h6><img loading=\"lazy\" decoding=\"async\" class=\"alignnone wp-image-5360 aligncenter\" src=\"https:\/\/rotalift.com\/rotalift\/wp-content\/uploads\/2019\/01\/MAPS.png\" alt=\"\" width=\"65\" height=\"67\" \/><\/h6>\n<h6 style=\"text-align: center;\">PUEBLA<\/h6>\n<h6 style=\"text-align: center;\">Privada Resurrecci\u00f3n Poniente No. 19 Parque Industrial Resurrecci\u00f3n C.P. 72228 Puebla, Puebla<\/h6>\n<h6 style=\"text-align: center;\">222 4839814 | 222 5744414<\/h6>\n<p>&nbsp;<br \/>\n[\/et_pb_text][\/et_pb_column][\/et_pb_row][\/et_pb_section]<\/p>\n","protected":false},"excerpt":{"rendered":"<p>[et_pb_section fb_built=&#8221;1&#8243; admin_label=&#8221;section&#8221; _builder_version=&#8221;3.22&#8243; custom_padding=&#8221;||12px|||&#8221;][et_pb_row column_structure=&#8221;1_2,1_2&#8243; _builder_version=&#8221;4.6.6&#8243; _module_preset=&#8221;default&#8221;][et_pb_column type=&#8221;1_2&#8243; _builder_version=&#8221;4.6.6&#8243; _module_preset=&#8221;default&#8221;][et_pb_image src=&#8221;https:\/\/rotalift.com\/rotalift\/wp-content\/uploads\/2025\/07\/opresor-movil-copy.jpg&#8221; alt=&#8221;opresor de resortes&#8221; title_text=&#8221;opresor de resortes&#8221; _builder_version=&#8221;4.6.6&#8243; _module_preset=&#8221;default&#8221;][\/et_pb_image][et_pb_text _builder_version=&#8221;4.6.6&#8243; _module_preset=&#8221;default&#8221; header_font=&#8221;Poppins|700|||||||&#8221;] OPRESOR DE RESORTES OP-1 Opresor de resortes para suspensiones tipo McPherson. El mejor en su g\u00e9nero, fabricado en una sola pieza doblado en fri\u00f3, especializado en suspensi\u00f3n Mcpherson, tiene soportes inferiores, husillo [&hellip;]<\/p>\n","protected":false},"author":1,"featured_media":0,"parent":0,"menu_order":0,"comment_status":"closed","ping_status":"closed","template":"","meta":{"_et_pb_use_builder":"on","_et_pb_old_content":"[creativ_columns structure=\"50|50\"][creativ_col position=\"a\"]\n\n<img class=\"wp-image-4521 aligncenter\" src=\"http:\/\/rotalift.com\/rotalift\/wp-content\/uploads\/2017\/07\/OP1.jpg\" alt=\"OP1 OPRESOR DE RESORTES\" width=\"216\" height=\"431\" \/>\n\n<h3>OP-1<\/h3>\n\nOpresor de resortes para suspensiones tipo McPherson.\n\nEl mejor en su g\u00e9nero, fabricado en una sola pieza doblado en fri\u00f3, especializado en suspensi\u00f3n Mcpherson, tiene soportes inferiores, husillo para determinar altura y desplazamiento de efecto r\u00e1pido, doble balero, diferente sistema de guarda de protecci\u00f3n para evitar accidentes.\n\n[\/creativ_col][creativ_col position=\"b\"]\n\n<img class=\"wp-image-4522 aligncenter\" src=\"http:\/\/rotalift.com\/rotalift\/wp-content\/uploads\/2017\/07\/op-ita.jpg\" alt=\"op-ita OPRESOR DE RESORTES\" width=\"256\" height=\"378\" \/>\n\n<h3><\/h3>\n\n<h3>OP-ITA<\/h3>\n\nEl mejor opresor de resorte neum\u00e1tico, \u00fatil y pr\u00e1ctico, f\u00e1cil manejo, especializado en suspensi\u00f3n Mcpherson, tiene soportes inferiores, desplazamiento de efecto r\u00e1pido, diferentes guardas de protecci\u00f3n para evitar que el resorte salga disparado hacia el operador. Reduciendo el tiempo de trabajo invertido.\n\nPermite f\u00e1cilmente quitar el resorte del amortiguador reduciendo el trabajo del operador, cuenta con guarda protectora que reduce el riesgo de que el resorte salga disparado hacia el operador, f\u00e1cil de manejar, reduce el tiempo de trabajo invertido.\n\n[\/creativ_col][\/creativ_columns]","_et_gb_content_width":"","footnotes":""},"class_list":["post-4520","page","type-page","status-publish","hentry"],"aioseo_notices":[],"_links":{"self":[{"href":"https:\/\/rotalift.com\/rotalift\/wp-json\/wp\/v2\/pages\/4520","targetHints":{"allow":["GET"]}}],"collection":[{"href":"https:\/\/rotalift.com\/rotalift\/wp-json\/wp\/v2\/pages"}],"about":[{"href":"https:\/\/rotalift.com\/rotalift\/wp-json\/wp\/v2\/types\/page"}],"author":[{"embeddable":true,"href":"https:\/\/rotalift.com\/rotalift\/wp-json\/wp\/v2\/users\/1"}],"replies":[{"embeddable":true,"href":"https:\/\/rotalift.com\/rotalift\/wp-json\/wp\/v2\/comments?post=4520"}],"version-history":[{"count":5,"href":"https:\/\/rotalift.com\/rotalift\/wp-json\/wp\/v2\/pages\/4520\/revisions"}],"predecessor-version":[{"id":29134,"href":"https:\/\/rotalift.com\/rotalift\/wp-json\/wp\/v2\/pages\/4520\/revisions\/29134"}],"wp:attachment":[{"href":"https:\/\/rotalift.com\/rotalift\/wp-json\/wp\/v2\/media?parent=4520"}],"curies":[{"name":"wp","href":"https:\/\/api.w.org\/{rel}","templated":true}]}}