{"id":5059,"date":"2017-11-10T06:21:51","date_gmt":"2017-11-10T12:21:51","guid":{"rendered":"http:\/\/rotalift.com\/rotalift\/?page_id=5059"},"modified":"2023-04-18T06:24:23","modified_gmt":"2023-04-18T06:24:23","slug":"soportes","status":"publish","type":"page","link":"https:\/\/rotalift.com\/rotalift\/soportes\/","title":{"rendered":"SOPORTES"},"content":{"rendered":"<p>[et_pb_section fb_built=&#8221;1&#8243; fullwidth=&#8221;on&#8221; _builder_version=&#8221;4.6.6&#8243; _module_preset=&#8221;default&#8221; alt=&#8221;soportes cabecera copy&#8221; title_text=&#8221;soportes cabecera copy&#8221; hover_enabled=&#8221;0&#8243; sticky_enabled=&#8221;0&#8243; background_enable_image=&#8221;off&#8221;][et_pb_fullwidth_image src=&#8221;https:\/\/rotalift.com\/rotalift\/wp-content\/uploads\/2023\/04\/soportes-cabecera-copy-1.jpg&#8221; _builder_version=&#8221;4.6.6&#8243; _module_preset=&#8221;default&#8221; hover_enabled=&#8221;0&#8243; sticky_enabled=&#8221;0&#8243; alt=&#8221;soportes cabecera copy&#8221; title_text=&#8221;soportes cabecera copy&#8221;][\/et_pb_fullwidth_image][\/et_pb_section][et_pb_section fb_built=&#8221;1&#8243; _builder_version=&#8221;4.6.6&#8243; _module_preset=&#8221;default&#8221; custom_padding=&#8221;28px||15px|||&#8221;][et_pb_row _builder_version=&#8221;4.6.6&#8243; _module_preset=&#8221;default&#8221; column_structure=&#8221;1_2,1_2&#8243; custom_padding=&#8221;||18px|||&#8221; custom_margin=&#8221;-3px|auto||auto||&#8221;][et_pb_column _builder_version=&#8221;4.6.6&#8243; _module_preset=&#8221;default&#8221; type=&#8221;1_2&#8243;][et_pb_text _builder_version=&#8221;4.6.6&#8243; _module_preset=&#8221;default&#8221; hover_enabled=&#8221;0&#8243; sticky_enabled=&#8221;0&#8243;]<img loading=\"lazy\" decoding=\"async\" class=\"size-full wp-image-5061 aligncenter\" src=\"https:\/\/rotalift.com\/rotalift\/wp-content\/uploads\/2023\/04\/rosticero-1.png\" alt=\"\" width=\"400\" height=\"367\" \/>[\/et_pb_text][\/et_pb_column][et_pb_column _builder_version=&#8221;4.6.6&#8243; _module_preset=&#8221;default&#8221; type=&#8221;1_2&#8243;][et_pb_text _builder_version=&#8221;4.6.6&#8243; _module_preset=&#8221;default&#8221; hover_enabled=&#8221;0&#8243; sticky_enabled=&#8221;0&#8243;]<\/p>\n<h1><\/h1>\n<h1><strong>NP-4000<\/strong><\/h1>\n<p>&nbsp;<\/p>\n<h3>Soporte giratorio para pintado de piezas de 2 posiciones. Ideal para trabajar por ambos lados la misma pieza. Soportes deslizables y ajustables a lo largo y ancho.<\/h3>\n<p>[\/et_pb_text][\/et_pb_column][\/et_pb_row][\/et_pb_section][et_pb_section fb_built=&#8221;1&#8243; _builder_version=&#8221;4.6.6&#8243; _module_preset=&#8221;default&#8221; background_color=&#8221;#f2f2f2&#8243; hover_enabled=&#8221;0&#8243; sticky_enabled=&#8221;0&#8243; custom_padding=&#8221;25px||22px|||&#8221;][et_pb_row _builder_version=&#8221;4.6.6&#8243; _module_preset=&#8221;default&#8221; column_structure=&#8221;1_2,1_2&#8243; custom_padding=&#8221;||17px|||&#8221;][et_pb_column _builder_version=&#8221;4.6.6&#8243; _module_preset=&#8221;default&#8221; type=&#8221;1_2&#8243;][et_pb_text _builder_version=&#8221;4.6.6&#8243; _module_preset=&#8221;default&#8221; hover_enabled=&#8221;0&#8243; sticky_enabled=&#8221;0&#8243;]<\/p>\n<h1><\/h1>\n<h1><strong>NP-3000<\/strong><\/h1>\n<p>&nbsp;<\/p>\n<h3>Sirve para colocar las facias de los autom\u00f3viles o l\u00e1minas para poder pintarlas y dejarlas secar. Cuenta con protecci\u00f3n de hule para que no sufra alguna raspadura mientras se est\u00e1 pintando o secando. Cuenta con ruedas.<\/h3>\n<p>[\/et_pb_text][\/et_pb_column][et_pb_column _builder_version=&#8221;4.6.6&#8243; _module_preset=&#8221;default&#8221; type=&#8221;1_2&#8243;][et_pb_text _builder_version=&#8221;4.6.6&#8243; _module_preset=&#8221;default&#8221; hover_enabled=&#8221;0&#8243; sticky_enabled=&#8221;0&#8243;]<\/p>\n<p><img loading=\"lazy\" decoding=\"async\" class=\"wp-image-5064 aligncenter\" src=\"https:\/\/rotalift.com\/rotalift\/wp-content\/uploads\/2017\/11\/NP3000_.png\" alt=\"\" width=\"291\" height=\"326\" \/><\/p>\n<p>[\/et_pb_text][\/et_pb_column][\/et_pb_row][\/et_pb_section][et_pb_section fb_built=&#8221;1&#8243; _builder_version=&#8221;4.6.6&#8243; _module_preset=&#8221;default&#8221; custom_padding=&#8221;22px||23px|||&#8221;][et_pb_row _builder_version=&#8221;4.6.6&#8243; _module_preset=&#8221;default&#8221; column_structure=&#8221;1_2,1_2&#8243; custom_padding=&#8221;||13px|||&#8221;][et_pb_column _builder_version=&#8221;4.6.6&#8243; _module_preset=&#8221;default&#8221; type=&#8221;1_2&#8243;][et_pb_text _builder_version=&#8221;4.6.6&#8243; _module_preset=&#8221;default&#8221; hover_enabled=&#8221;0&#8243; sticky_enabled=&#8221;0&#8243;]<\/p>\n<p><img loading=\"lazy\" decoding=\"async\" class=\"size-full wp-image-5061 aligncenter\" src=\"https:\/\/rotalift.com\/rotalift\/wp-content\/uploads\/2017\/11\/NP-300-2.png\" alt=\"\" width=\"325\" height=\"398\" \/><\/p>\n<p>[\/et_pb_text][\/et_pb_column][et_pb_column _builder_version=&#8221;4.6.6&#8243; _module_preset=&#8221;default&#8221; type=&#8221;1_2&#8243;][et_pb_text _builder_version=&#8221;4.6.6&#8243; _module_preset=&#8221;default&#8221; hover_enabled=&#8221;0&#8243; sticky_enabled=&#8221;0&#8243; custom_padding=&#8221;19px|||||&#8221;]<\/p>\n<h1><\/h1>\n<h1><strong>NP-3000-1<\/strong><\/h1>\n<p>&nbsp;<\/p>\n<h3>Sirve para colocar las facias de los autom\u00f3viles o l\u00e1minas para poder pintarlas y dejarlas secar. Cuenta con protecci\u00f3n de hule para que no sufra alguna raspadura mientras se est\u00e1 pintando o secando. Cuenta con ruedas.<\/h3>\n<p>[\/et_pb_text][\/et_pb_column][\/et_pb_row][\/et_pb_section][et_pb_section fb_built=&#8221;1&#8243; _builder_version=&#8221;4.6.6&#8243; _module_preset=&#8221;default&#8221; background_color=&#8221;#f2f2f2&#8243; hover_enabled=&#8221;0&#8243; sticky_enabled=&#8221;0&#8243; custom_padding=&#8221;14px||15px|||&#8221;][et_pb_row _builder_version=&#8221;4.6.6&#8243; _module_preset=&#8221;default&#8221; column_structure=&#8221;1_2,1_2&#8243; custom_padding=&#8221;23px||16px|||&#8221;][et_pb_column _builder_version=&#8221;4.6.6&#8243; _module_preset=&#8221;default&#8221; type=&#8221;1_2&#8243;][et_pb_text _builder_version=&#8221;4.6.6&#8243; _module_preset=&#8221;default&#8221; hover_enabled=&#8221;0&#8243; sticky_enabled=&#8221;0&#8243; custom_padding=&#8221;26px|||||&#8221;]<\/p>\n<h1><\/h1>\n<h1><strong>SP-601<\/strong><\/h1>\n<p>&nbsp;<\/p>\n<h3>Plataforma m\u00f3vil portapiezas. Con 3 entrepa\u00f1os permite el almacenamiento de piezas para su organizaci\u00f3n.<\/h3>\n<h3>Sus ruedas permiten su f\u00e1cil transporte por el taller.<\/h3>\n<h3>Medidas: 1.12 m x 1.25 m x 1.9 m.<\/h3>\n<p>[\/et_pb_text][\/et_pb_column][et_pb_column _builder_version=&#8221;4.6.6&#8243; _module_preset=&#8221;default&#8221; type=&#8221;1_2&#8243;][et_pb_text _builder_version=&#8221;4.6.6&#8243; _module_preset=&#8221;default&#8221; hover_enabled=&#8221;0&#8243; sticky_enabled=&#8221;0&#8243; custom_padding=&#8221;0px|||||&#8221;]<\/p>\n<p>&nbsp;<\/p>\n<p><img loading=\"lazy\" decoding=\"async\" class=\"size-full wp-image-5062 aligncenter\" src=\"https:\/\/rotalift.com\/rotalift\/wp-content\/uploads\/2017\/11\/SP-601.png\" alt=\"\" width=\"300\" height=\"408\" \/><\/p>\n<p>[\/et_pb_text][\/et_pb_column][\/et_pb_row][\/et_pb_section][et_pb_section fb_built=&#8221;1&#8243; _builder_version=&#8221;4.6.6&#8243; _module_preset=&#8221;default&#8221; custom_padding=&#8221;15px||14px|||&#8221;][et_pb_row _builder_version=&#8221;4.6.6&#8243; _module_preset=&#8221;default&#8221; column_structure=&#8221;1_2,1_2&#8243; custom_padding=&#8221;||17px|||&#8221;][et_pb_column _builder_version=&#8221;4.6.6&#8243; _module_preset=&#8221;default&#8221; type=&#8221;1_2&#8243;][et_pb_text _builder_version=&#8221;4.6.6&#8243; _module_preset=&#8221;default&#8221; hover_enabled=&#8221;0&#8243; sticky_enabled=&#8221;0&#8243;]<img loading=\"lazy\" decoding=\"async\" class=\"size-full wp-image-5061 aligncenter\" src=\"https:\/\/rotalift.com\/rotalift\/wp-content\/uploads\/2023\/04\/314-soporte.png\" alt=\"\" width=\"325\" height=\"398\" \/>[\/et_pb_text][\/et_pb_column][et_pb_column _builder_version=&#8221;4.6.6&#8243; _module_preset=&#8221;default&#8221; type=&#8221;1_2&#8243;][et_pb_text _builder_version=&#8221;4.6.6&#8243; _module_preset=&#8221;default&#8221; hover_enabled=&#8221;0&#8243; sticky_enabled=&#8221;0&#8243;]<\/p>\n<h1><\/h1>\n<h1><strong>NP-304<\/strong><\/h1>\n<p>&nbsp;<\/p>\n<h3>Sistema de porta piezas de autom\u00f3viles.<\/h3>\n<h3>Sus ruedas permiten su f\u00e1cil transporte por el taller.<\/h3>\n<h3> Tama\u00f1o: 585 * 895 * 1800 mm.<\/h3>\n<p>[\/et_pb_text][\/et_pb_column][\/et_pb_row][\/et_pb_section]<\/p>\n","protected":false},"excerpt":{"rendered":"<p>[et_pb_section fb_built=&#8221;1&#8243; fullwidth=&#8221;on&#8221; _builder_version=&#8221;4.6.6&#8243; _module_preset=&#8221;default&#8221; alt=&#8221;soportes cabecera copy&#8221; title_text=&#8221;soportes cabecera copy&#8221; hover_enabled=&#8221;0&#8243; sticky_enabled=&#8221;0&#8243; background_enable_image=&#8221;off&#8221;][et_pb_fullwidth_image src=&#8221;https:\/\/rotalift.com\/rotalift\/wp-content\/uploads\/2023\/04\/soportes-cabecera-copy-1.jpg&#8221; _builder_version=&#8221;4.6.6&#8243; _module_preset=&#8221;default&#8221; hover_enabled=&#8221;0&#8243; sticky_enabled=&#8221;0&#8243; alt=&#8221;soportes cabecera copy&#8221; title_text=&#8221;soportes cabecera copy&#8221;][\/et_pb_fullwidth_image][\/et_pb_section][et_pb_section fb_built=&#8221;1&#8243; _builder_version=&#8221;4.6.6&#8243; _module_preset=&#8221;default&#8221; custom_padding=&#8221;28px||15px|||&#8221;][et_pb_row _builder_version=&#8221;4.6.6&#8243; _module_preset=&#8221;default&#8221; column_structure=&#8221;1_2,1_2&#8243; custom_padding=&#8221;||18px|||&#8221; custom_margin=&#8221;-3px|auto||auto||&#8221;][et_pb_column _builder_version=&#8221;4.6.6&#8243; _module_preset=&#8221;default&#8221; type=&#8221;1_2&#8243;][et_pb_text _builder_version=&#8221;4.6.6&#8243; _module_preset=&#8221;default&#8221; hover_enabled=&#8221;0&#8243; sticky_enabled=&#8221;0&#8243;][\/et_pb_text][\/et_pb_column][et_pb_column _builder_version=&#8221;4.6.6&#8243; _module_preset=&#8221;default&#8221; type=&#8221;1_2&#8243;][et_pb_text _builder_version=&#8221;4.6.6&#8243; _module_preset=&#8221;default&#8221; hover_enabled=&#8221;0&#8243; sticky_enabled=&#8221;0&#8243;] NP-4000 &nbsp; Soporte giratorio para pintado de [&hellip;]<\/p>\n","protected":false},"author":1,"featured_media":0,"parent":0,"menu_order":0,"comment_status":"closed","ping_status":"closed","template":"","meta":{"_et_pb_use_builder":"on","_et_pb_old_content":"&nbsp;\n\n<hr \/>\n\n&nbsp;\n\n[creativ_columns structure=\"50|50\"][creativ_col position=\"a\"]\n\n<img class=\"size-full wp-image-5061 aligncenter\" src=\"http:\/\/rotalift.com\/rotalift\/wp-content\/uploads\/2017\/11\/rosticero.png\" alt=\"\" width=\"400\" height=\"367\" \/>\n<h4><span style=\"color: #ff0000;\">NP-400<\/span><\/h4>\nSoporte giratorio para pintado de piezas de 2 posiciones. Ideal para trabajar por ambos lados la misma pieza. Soportes deslizables y ajustables a lo largo y ancho.\n\n[\/creativ_col][creativ_col position=\"b\"]\n<img class=\"size-full wp-image-5062 aligncenter\" src=\"http:\/\/rotalift.com\/rotalift\/wp-content\/uploads\/2017\/11\/SP-601.png\" alt=\"\" width=\"300\" height=\"408\" \/>\n<h4><span style=\"color: #ff0000;\">SP-601<\/span><\/h4>\nPlataforma m\u00f3vil portapiezas medidas: 1.12 m x 1.25 m x 1.9 m\n\n[\/creativ_col][\/creativ_columns]\n\n&nbsp;\n\n[creativ_columns structure=\"50|50\"][creativ_col position=\"a\"]\n\n<img class=\"alignnone wp-image-5063\" src=\"http:\/\/rotalift.com\/rotalift\/wp-content\/uploads\/2017\/11\/NP-300-2.png\" alt=\"\" width=\"364\" height=\"440\" \/>\n<h4><span style=\"color: #ff0000;\">NP-3000-1<\/span><\/h4>\nSirve para colocar las facias de los autom\u00f3viles o l\u00e1minas para poder pintarlas y dejarlas secar. Cuenta con protecci\u00f3n de hule para que no sufra alguna raspadura mientras se est\u00e1 pintando o secando. Cuenta con ruedas.\n\n[\/creativ_col][creativ_col position=\"b\"]\n<img class=\"wp-image-5064 aligncenter\" src=\"http:\/\/rotalift.com\/rotalift\/wp-content\/uploads\/2017\/11\/NP3000_.png\" alt=\"\" width=\"291\" height=\"326\" \/>\n<h4><span style=\"color: #ff0000;\">NP-3000<\/span><\/h4>\nSoporte para colocar las facias de los autom\u00f3viles o l\u00e1minas para poder pintarlas y dejarlas secar. Cuenta con protecci\u00f3n de hule para que no sufra alguna raspadura mientras se est\u00e1 pintando o secando.\n\n[\/creativ_col][\/creativ_columns]\n\n&nbsp;","_et_gb_content_width":"","footnotes":""},"class_list":["post-5059","page","type-page","status-publish","hentry"],"aioseo_notices":[],"_links":{"self":[{"href":"https:\/\/rotalift.com\/rotalift\/wp-json\/wp\/v2\/pages\/5059","targetHints":{"allow":["GET"]}}],"collection":[{"href":"https:\/\/rotalift.com\/rotalift\/wp-json\/wp\/v2\/pages"}],"about":[{"href":"https:\/\/rotalift.com\/rotalift\/wp-json\/wp\/v2\/types\/page"}],"author":[{"embeddable":true,"href":"https:\/\/rotalift.com\/rotalift\/wp-json\/wp\/v2\/users\/1"}],"replies":[{"embeddable":true,"href":"https:\/\/rotalift.com\/rotalift\/wp-json\/wp\/v2\/comments?post=5059"}],"version-history":[{"count":9,"href":"https:\/\/rotalift.com\/rotalift\/wp-json\/wp\/v2\/pages\/5059\/revisions"}],"predecessor-version":[{"id":10070,"href":"https:\/\/rotalift.com\/rotalift\/wp-json\/wp\/v2\/pages\/5059\/revisions\/10070"}],"wp:attachment":[{"href":"https:\/\/rotalift.com\/rotalift\/wp-json\/wp\/v2\/media?parent=5059"}],"curies":[{"name":"wp","href":"https:\/\/api.w.org\/{rel}","templated":true}]}}