{"id":29223,"date":"2025-11-06T21:49:19","date_gmt":"2025-11-06T21:49:19","guid":{"rendered":"https:\/\/rotalift.com\/rotalift\/?post_type=product&#038;p=29223"},"modified":"2025-11-07T12:55:12","modified_gmt":"2025-11-07T12:55:12","slug":"spotter-italiano-para-acero","status":"publish","type":"product","link":"https:\/\/rotalift.com\/rotalift\/producto\/spotter-italiano-para-acero\/","title":{"rendered":"SPOTTER ITALIANO PARA ACERO"},"content":{"rendered":"<p>[et_pb_section fb_built=&#8221;1&#8243; _builder_version=&#8221;3.22&#8243; custom_padding=&#8221;0px||||false|false&#8221;][et_pb_row _builder_version=&#8221;3.25&#8243; background_size=&#8221;initial&#8221; background_position=&#8221;top_left&#8221; background_repeat=&#8221;repeat&#8221; width=&#8221;100%&#8221; custom_padding=&#8221;0px||0px||false|false&#8221;][et_pb_column type=&#8221;4_4&#8243; _builder_version=&#8221;3.25&#8243; custom_padding=&#8221;|||&#8221; custom_padding__hover=&#8221;|||&#8221;][et_pb_wc_breadcrumb _builder_version=&#8221;3.0.47&#8243;][\/et_pb_wc_breadcrumb][et_pb_wc_cart_notice _builder_version=&#8221;3.0.47&#8243;][\/et_pb_wc_cart_notice][\/et_pb_column][\/et_pb_row][et_pb_row column_structure=&#8221;1_2,1_2&#8243; _builder_version=&#8221;3.25&#8243; background_size=&#8221;initial&#8221; background_position=&#8221;top_left&#8221; background_repeat=&#8221;repeat&#8221; width=&#8221;100%&#8221; custom_padding=&#8221;0px||||false|false&#8221;][et_pb_column type=&#8221;1_2&#8243; _builder_version=&#8221;3.25&#8243; custom_padding=&#8221;|||&#8221; custom_padding__hover=&#8221;|||&#8221;][et_pb_wc_images _builder_version=&#8221;3.0.47&#8243;][\/et_pb_wc_images][\/et_pb_column][et_pb_column type=&#8221;1_2&#8243; _builder_version=&#8221;3.25&#8243; custom_padding=&#8221;|||&#8221; custom_padding__hover=&#8221;|||&#8221;][et_pb_wc_title _builder_version=&#8221;3.0.47&#8243;][\/et_pb_wc_title][et_pb_wc_rating _builder_version=&#8221;3.0.47&#8243;][\/et_pb_wc_rating][et_pb_wc_price _builder_version=&#8221;3.0.47&#8243;][\/et_pb_wc_price][et_pb_wc_description _builder_version=&#8221;3.0.47&#8243;][\/et_pb_wc_description][et_pb_wc_add_to_cart _builder_version=&#8221;3.0.47&#8243;][\/et_pb_wc_add_to_cart][et_pb_wc_meta _builder_version=&#8221;3.0.47&#8243;][\/et_pb_wc_meta][\/et_pb_column][\/et_pb_row][et_pb_row column_structure=&#8221;1_2,1_2&#8243; _builder_version=&#8221;4.6.6&#8243; _module_preset=&#8221;default&#8221; locked=&#8221;off&#8221;][et_pb_column type=&#8221;1_2&#8243; _builder_version=&#8221;4.6.6&#8243; _module_preset=&#8221;default&#8221;][et_pb_text _builder_version=&#8221;4.6.6&#8243; _module_preset=&#8221;default&#8221; custom_padding=&#8221;40px|||||&#8221;]<\/p>\n<h1><strong>CAR-3B<\/strong><\/h1>\n<p>&nbsp;<\/p>\n<h3>Carro transportador para spotter. Mant\u00e9n tu spotter a la mano con sus accesorios de manera \u00e1gil con el carro transportador. (No incluido)<\/h3>\n<p>&nbsp;<\/p>\n<p>[\/et_pb_text][\/et_pb_column][et_pb_column type=&#8221;1_2&#8243; _builder_version=&#8221;4.6.6&#8243; _module_preset=&#8221;default&#8221;][et_pb_image src=&#8221;https:\/\/rotalift.com\/rotalift\/wp-content\/uploads\/2023\/12\/carro-micro-car.png&#8221; alt=&#8221;carro-micro-car&#8221; title_text=&#8221;carro-micro-car&#8221; align=&#8221;center&#8221; _builder_version=&#8221;4.6.6&#8243; _module_preset=&#8221;default&#8221; width=&#8221;349px&#8221; animation_style=&#8221;slide&#8221; animation_direction=&#8221;bottom&#8221;][\/et_pb_image][\/et_pb_column][\/et_pb_row][et_pb_row _builder_version=&#8221;4.6.6&#8243; _module_preset=&#8221;default&#8221; locked=&#8221;off&#8221;][et_pb_column type=&#8221;4_4&#8243; _builder_version=&#8221;4.6.6&#8243; _module_preset=&#8221;default&#8221;][et_pb_code _builder_version=&#8221;4.6.6&#8243; _module_preset=&#8221;default&#8221;]<iframe loading=\"lazy\" width=\"560\" height=\"315\" src=\"https:\/\/www.youtube.com\/embed\/zwWLJeBQ4bk\" title=\"YouTube video player\" frameborder=\"0\" allow=\"accelerometer; autoplay; clipboard-write; encrypted-media; gyroscope; picture-in-picture; web-share\" allowfullscreen><\/iframe>[\/et_pb_code][\/et_pb_column][\/et_pb_row][et_pb_row _builder_version=&#8221;4.6.6&#8243; _module_preset=&#8221;default&#8221; locked=&#8221;off&#8221;][et_pb_column type=&#8221;4_4&#8243; _builder_version=&#8221;4.6.6&#8243; _module_preset=&#8221;default&#8221;][et_pb_text _builder_version=&#8221;4.6.6&#8243; _module_preset=&#8221;default&#8221;]<\/p>\n<h3 style=\"text-align: center;\"><span>Las m\u00e1quinas saca bollos, spotters o desabolladoras son herramientas utilizadas para reparar abolladuras en la l\u00e1mina de un veh\u00edculo. Una ventaja clave de usar estas m\u00e1quinas es que no es necesario desmontar las partes internas del veh\u00edculo, lo que ahorra mucho tiempo en el proceso de reparaci\u00f3n. Por ejemplo, si hay una abolladura en el techo del veh\u00edculo, no ser\u00e1 necesario quitar el tapizado interior para repararla.<\/span><\/h3>\n<h3 style=\"text-align: center;\"><span><\/span><\/h3>\n<h3 style=\"text-align: center;\"><span>Adem\u00e1s, reducen de forma dr\u00e1stica el uso de material de relleno como el bondo, lo que maximiza el uso de consumibles y mejora la calidad de las reparaciones.<\/span><\/h3>\n<p>[\/et_pb_text][\/et_pb_column][\/et_pb_row][et_pb_row _builder_version=&#8221;3.25&#8243; background_size=&#8221;initial&#8221; background_position=&#8221;top_left&#8221; background_repeat=&#8221;repeat&#8221; width=&#8221;100%&#8221;][et_pb_column type=&#8221;4_4&#8243; _builder_version=&#8221;3.25&#8243; custom_padding=&#8221;|||&#8221; custom_padding__hover=&#8221;|||&#8221;][et_pb_wc_tabs _builder_version=&#8221;3.0.47&#8243;]\t\t\t\t\t[\/et_pb_wc_tabs][et_pb_wc_upsells _builder_version=&#8221;3.0.47&#8243;][\/et_pb_wc_upsells][et_pb_wc_related_products _builder_version=&#8221;3.0.47&#8243;][\/et_pb_wc_related_products][\/et_pb_column][\/et_pb_row][\/et_pb_section]<\/p>\n","protected":false},"excerpt":{"rendered":"<h1><strong>CP-EASY-CAR-30<\/strong><\/h1>\n<h3>Spotter italiano de acero de 2800 amp, refrigerado por aire. Control de soldadura electr\u00f3nico del tipo MICRO DIGITAL 1, sincr\u00f3nico con tiempos de soldadura, caldas y ajuste de la corriente de soldadura. Soldadura a tracci\u00f3n de todos los elementos, clavos, tuercas, remaches, arandelas, tornillos, etc.<\/h3>\n<h3 data-start=\"580\" data-end=\"1227\"><img decoding=\"async\" class=\"emoji\" role=\"img\" draggable=\"false\" src=\"https:\/\/s.w.org\/images\/core\/emoji\/15.0.3\/svg\/2705.svg\" alt=\"\u2705\" \/>\u00a0Alimentaci\u00f3n: 220 V \/60Hz \/ 2 ph<\/h3>\n<h3 data-start=\"580\" data-end=\"1227\"><img decoding=\"async\" class=\"emoji\" role=\"img\" draggable=\"false\" src=\"https:\/\/s.w.org\/images\/core\/emoji\/15.0.3\/svg\/2705.svg\" alt=\"\u2705\" \/>\u00a0Corriente de soldadura: 1200 A<\/h3>\n<h3 data-start=\"580\" data-end=\"1227\"><img decoding=\"async\" class=\"emoji\" role=\"img\" draggable=\"false\" src=\"https:\/\/s.w.org\/images\/core\/emoji\/15.0.3\/svg\/2705.svg\" alt=\"\u2705\" \/>\u00a0Potencia M\u00e1x.: 40 KVA<\/h3>\n<h3 data-start=\"580\" data-end=\"1227\"><img decoding=\"async\" class=\"emoji\" role=\"img\" draggable=\"false\" src=\"https:\/\/s.w.org\/images\/core\/emoji\/15.0.3\/svg\/2705.svg\" alt=\"\u2705\" \/>\u00a0Potencia Nominal: 8.75 KVA<\/h3>\n<h3 data-start=\"580\" data-end=\"1227\"><img decoding=\"async\" class=\"emoji\" role=\"img\" draggable=\"false\" src=\"https:\/\/s.w.org\/images\/core\/emoji\/15.0.3\/svg\/2705.svg\" alt=\"\u2705\" \/>\u00a0Peso: 49 KG<\/h3>\n<h3 data-start=\"580\" data-end=\"1227\"><img decoding=\"async\" class=\"emoji\" role=\"img\" draggable=\"false\" src=\"https:\/\/s.w.org\/images\/core\/emoji\/15.0.3\/svg\/2705.svg\" alt=\"\u2705\" \/>\u00a0Medidas:\u00a0 25 X 61 X 45.6 cm<\/h3>\n<p>&nbsp;<\/p>\n","protected":false},"featured_media":29227,"comment_status":"open","ping_status":"closed","template":"","meta":{"_et_pb_use_builder":"on","_et_pb_old_content":"","_et_gb_content_width":""},"product_brand":[],"product_cat":[83],"product_tag":[],"class_list":{"0":"post-29223","1":"product","2":"type-product","3":"status-publish","4":"has-post-thumbnail","6":"product_cat-spotter","8":"first","9":"instock","10":"shipping-taxable","11":"product-type-simple"},"aioseo_notices":[],"_links":{"self":[{"href":"https:\/\/rotalift.com\/rotalift\/wp-json\/wp\/v2\/product\/29223","targetHints":{"allow":["GET"]}}],"collection":[{"href":"https:\/\/rotalift.com\/rotalift\/wp-json\/wp\/v2\/product"}],"about":[{"href":"https:\/\/rotalift.com\/rotalift\/wp-json\/wp\/v2\/types\/product"}],"replies":[{"embeddable":true,"href":"https:\/\/rotalift.com\/rotalift\/wp-json\/wp\/v2\/comments?post=29223"}],"wp:featuredmedia":[{"embeddable":true,"href":"https:\/\/rotalift.com\/rotalift\/wp-json\/wp\/v2\/media\/29227"}],"wp:attachment":[{"href":"https:\/\/rotalift.com\/rotalift\/wp-json\/wp\/v2\/media?parent=29223"}],"wp:term":[{"taxonomy":"product_brand","embeddable":true,"href":"https:\/\/rotalift.com\/rotalift\/wp-json\/wp\/v2\/product_brand?post=29223"},{"taxonomy":"product_cat","embeddable":true,"href":"https:\/\/rotalift.com\/rotalift\/wp-json\/wp\/v2\/product_cat?post=29223"},{"taxonomy":"product_tag","embeddable":true,"href":"https:\/\/rotalift.com\/rotalift\/wp-json\/wp\/v2\/product_tag?post=29223"}],"curies":[{"name":"wp","href":"https:\/\/api.w.org\/{rel}","templated":true}]}}