{"id":29415,"date":"2025-12-29T01:13:21","date_gmt":"2025-12-29T01:13:21","guid":{"rendered":"https:\/\/rotalift.com\/rotalift\/?post_type=product&#038;p=29415"},"modified":"2025-12-29T02:01:14","modified_gmt":"2025-12-29T02:01:14","slug":"detector-de-ruidos-en-chasis","status":"publish","type":"product","link":"https:\/\/rotalift.com\/rotalift\/producto\/detector-de-ruidos-en-chasis\/","title":{"rendered":"DETECTOR DE RUIDOS EN CHASIS"},"content":{"rendered":"<p>[et_pb_section fb_built=&#8221;1&#8243; _builder_version=&#8221;3.22&#8243; custom_padding=&#8221;0px||||false|false&#8221;][et_pb_row _builder_version=&#8221;3.25&#8243; background_size=&#8221;initial&#8221; background_position=&#8221;top_left&#8221; background_repeat=&#8221;repeat&#8221; width=&#8221;100%&#8221; custom_padding=&#8221;0px||0px||false|false&#8221;][et_pb_column type=&#8221;4_4&#8243; _builder_version=&#8221;3.25&#8243; custom_padding=&#8221;|||&#8221; custom_padding__hover=&#8221;|||&#8221;][et_pb_wc_breadcrumb _builder_version=&#8221;3.0.47&#8243;][\/et_pb_wc_breadcrumb][et_pb_wc_cart_notice _builder_version=&#8221;3.0.47&#8243;][\/et_pb_wc_cart_notice][\/et_pb_column][\/et_pb_row][et_pb_row column_structure=&#8221;1_2,1_2&#8243; _builder_version=&#8221;3.25&#8243; background_size=&#8221;initial&#8221; background_position=&#8221;top_left&#8221; background_repeat=&#8221;repeat&#8221; width=&#8221;100%&#8221; custom_padding=&#8221;0px||||false|false&#8221;][et_pb_column type=&#8221;1_2&#8243; _builder_version=&#8221;3.25&#8243; custom_padding=&#8221;|||&#8221; custom_padding__hover=&#8221;|||&#8221;][et_pb_wc_images _builder_version=&#8221;3.0.47&#8243;][\/et_pb_wc_images][\/et_pb_column][et_pb_column type=&#8221;1_2&#8243; _builder_version=&#8221;3.25&#8243; custom_padding=&#8221;|||&#8221; custom_padding__hover=&#8221;|||&#8221;][et_pb_wc_title _builder_version=&#8221;3.0.47&#8243;][\/et_pb_wc_title][et_pb_wc_rating _builder_version=&#8221;3.0.47&#8243;][\/et_pb_wc_rating][et_pb_wc_price _builder_version=&#8221;3.0.47&#8243;][\/et_pb_wc_price][et_pb_wc_description _builder_version=&#8221;3.0.47&#8243;][\/et_pb_wc_description][et_pb_wc_add_to_cart _builder_version=&#8221;3.0.47&#8243;][\/et_pb_wc_add_to_cart][et_pb_wc_meta _builder_version=&#8221;3.0.47&#8243;][\/et_pb_wc_meta][\/et_pb_column][\/et_pb_row][et_pb_row _builder_version=&#8221;4.6.6&#8243; _module_preset=&#8221;default&#8221; width=&#8221;100%&#8221; max_width=&#8221;100%&#8221;][et_pb_column type=&#8221;4_4&#8243; _builder_version=&#8221;4.6.6&#8243; _module_preset=&#8221;default&#8221;][et_pb_image src=&#8221;https:\/\/rotalift.com\/rotalift\/wp-content\/uploads\/2025\/12\/detector-de-ruidos-en-chasis-.jpg&#8221; title_text=&#8221;detector-de-ruidos-en-chasis-&#8221; align=&#8221;center&#8221; force_fullwidth=&#8221;on&#8221; _builder_version=&#8221;4.6.6&#8243; _module_preset=&#8221;default&#8221;][\/et_pb_image][\/et_pb_column][\/et_pb_row][et_pb_row _builder_version=&#8221;4.6.6&#8243; _module_preset=&#8221;default&#8221; column_structure=&#8221;3_5,2_5&#8243;][et_pb_column _builder_version=&#8221;4.6.6&#8243; _module_preset=&#8221;default&#8221; type=&#8221;3_5&#8243;][et_pb_image src=&#8221;https:\/\/rotalift.com\/rotalift\/wp-content\/uploads\/2025\/12\/detector-de-ruidos-en-chasis-rotalift.jpg&#8221; _builder_version=&#8221;4.6.6&#8243; _module_preset=&#8221;default&#8221; title_text=&#8221;detector-de-ruidos-en-chasis-rotalift&#8221; hover_enabled=&#8221;0&#8243; sticky_enabled=&#8221;0&#8243;][\/et_pb_image][\/et_pb_column][et_pb_column _builder_version=&#8221;4.6.6&#8243; _module_preset=&#8221;default&#8221; type=&#8221;2_5&#8243;][et_pb_text _builder_version=&#8221;4.6.6&#8243; _module_preset=&#8221;default&#8221; hover_enabled=&#8221;0&#8243; sticky_enabled=&#8221;0&#8243;]<\/p>\n<h3>Adaptador de liberaci\u00f3n de tensi\u00f3n (placa met\u00e1lica negra) en el cubo de la rueda.<\/h3>\n<p>[\/et_pb_text][et_pb_image src=&#8221;https:\/\/rotalift.com\/rotalift\/wp-content\/uploads\/2025\/12\/placa-de-birlos-.jpg&#8221; _builder_version=&#8221;4.6.6&#8243; _module_preset=&#8221;default&#8221; alt=&#8221;placa-de-birlos-&#8221; title_text=&#8221;placa-de-birlos-&#8221; hover_enabled=&#8221;0&#8243; sticky_enabled=&#8221;0&#8243;][\/et_pb_image][\/et_pb_column][\/et_pb_row][et_pb_row _builder_version=&#8221;4.6.6&#8243; _module_preset=&#8221;default&#8221; column_structure=&#8221;1_2,1_2&#8243;][et_pb_column _builder_version=&#8221;4.6.6&#8243; _module_preset=&#8221;default&#8221; type=&#8221;1_2&#8243;][et_pb_text _builder_version=&#8221;4.6.6&#8243; _module_preset=&#8221;default&#8221; hover_enabled=&#8221;0&#8243; sticky_enabled=&#8221;0&#8243;]<\/p>\n<h2><strong>CARACTER\u00cdSTICAS DEL EQUIPO<\/strong><\/h2>\n<h3><\/h3>\n<h3 data-start=\"580\" data-end=\"1227\">\u2705 Pantalla LCD de 7 pulgadas con tres<br \/>niveles de velocidad.<\/h3>\n<h3 data-start=\"580\" data-end=\"1227\">\u2705Modos de operaci\u00f3n: autom\u00e1tico y manual.<\/h3>\n<h3 data-start=\"580\" data-end=\"1227\">\u2705Selecci\u00f3n de idioma: ingl\u00e9s, ruso y chino.<\/h3>\n<h3 data-start=\"580\" data-end=\"1227\">\u2705 Cabezal rotativo para inspecci\u00f3n completa<br \/>de cada rueda.<\/h3>\n<h3 data-start=\"580\" data-end=\"1227\">\u2705 Capacidad de elevaci\u00f3n: hasta 4,500 kg.<\/h3>\n<h3 data-start=\"580\" data-end=\"1227\">\u2705 Capacidad de prueba: hasta 5,000 kg.<\/h3>\n<h3 data-start=\"580\" data-end=\"1227\">\u2705 Motores: 2.2 kW \u00d7 2, nivel 6; compatible<br \/>con 50 Hz \/ 60 Hz, 220 V<\/h3>\n<h3 data-start=\"580\" data-end=\"1227\">\u2705 Rango de elevaci\u00f3n 0\u201320 mm<\/h3>\n<h3 data-start=\"580\" data-end=\"1227\">\u2705Altura m\u00e1xima 1,050 mm<\/h3>\n<h3 data-start=\"580\" data-end=\"1227\">\u2705 Duraci\u00f3n de vibraci\u00f3n 10\u201350 s<\/h3>\n<p>[\/et_pb_text][\/et_pb_column][et_pb_column _builder_version=&#8221;4.6.6&#8243; _module_preset=&#8221;default&#8221; type=&#8221;1_2&#8243;][et_pb_text _builder_version=&#8221;4.6.6&#8243; _module_preset=&#8221;default&#8221; hover_enabled=&#8221;0&#8243; sticky_enabled=&#8221;0&#8243;]<\/p>\n<h2><strong>COMPOSICI\u00d3N DEL EQUIPO<\/strong><\/h2>\n<h3><\/h3>\n<h3 data-start=\"580\" data-end=\"1227\">\u2705 Unidad principal de trabajo x2.<\/h3>\n<h3 data-start=\"580\" data-end=\"1227\">\u2705 Dispositivo de liberaic\u00f3n de tensi\u00f3n x1.<\/h3>\n<h3 data-start=\"580\" data-end=\"1227\">\u2705 Bastidor de soporte x2.<\/h3>\n<h3 data-start=\"580\" data-end=\"1227\"><\/h3>\n<p>[\/et_pb_text][\/et_pb_column][\/et_pb_row][et_pb_row _builder_version=&#8221;4.6.6&#8243; _module_preset=&#8221;default&#8221;][et_pb_column _builder_version=&#8221;4.6.6&#8243; _module_preset=&#8221;default&#8221; type=&#8221;4_4&#8243;][et_pb_text _builder_version=&#8221;4.6.6&#8243; _module_preset=&#8221;default&#8221; hover_enabled=&#8221;0&#8243; sticky_enabled=&#8221;0&#8243;]<\/p>\n<p style=\"text-align: center;\"><iframe loading=\"lazy\" width=\"560\" height=\"315\" src=\"https:\/\/www.youtube.com\/embed\/OYfi5HBBPfc?si=9bIw7AkJJveerSQj\" title=\"YouTube video player\" frameborder=\"0\" allow=\"accelerometer; autoplay; clipboard-write; encrypted-media; gyroscope; picture-in-picture; web-share\" referrerpolicy=\"strict-origin-when-cross-origin\" allowfullscreen=\"\"><\/iframe><\/p>\n<p>[\/et_pb_text][\/et_pb_column][\/et_pb_row][et_pb_row _builder_version=&#8221;3.25&#8243; background_size=&#8221;initial&#8221; background_position=&#8221;top_left&#8221; background_repeat=&#8221;repeat&#8221; width=&#8221;100%&#8221;][et_pb_column type=&#8221;4_4&#8243; _builder_version=&#8221;3.25&#8243; custom_padding=&#8221;|||&#8221; custom_padding__hover=&#8221;|||&#8221;][et_pb_wc_tabs _builder_version=&#8221;4.6.6&#8243; hover_enabled=&#8221;0&#8243; include_tabs=&#8221;|&#8221; sticky_enabled=&#8221;0&#8243;]\t\t\t\t\t[\/et_pb_wc_tabs][et_pb_wc_upsells _builder_version=&#8221;3.0.47&#8243;][\/et_pb_wc_upsells][et_pb_wc_related_products _builder_version=&#8221;3.0.47&#8243;][\/et_pb_wc_related_products][\/et_pb_column][\/et_pb_row][\/et_pb_section]<\/p>\n","protected":false},"excerpt":{"rendered":"<h2><span style=\"color: #ff0000;\"><strong>Simula las condiciones de la carretera en tiempo real<\/strong><\/span><\/h2>\n<h3>Puede detectar de manera efectiva y r\u00e1pida el sonido y la vibraci\u00f3n anormal de los autom\u00f3viles en un tipo de carreteras con baches. Trabajo estable y seguro, materiales s\u00f3lidos y bajo nivel de ruido.<\/h3>\n","protected":false},"featured_media":29416,"comment_status":"open","ping_status":"closed","template":"","meta":{"_et_pb_use_builder":"on","_et_pb_old_content":"","_et_gb_content_width":""},"product_brand":[],"product_cat":[103],"product_tag":[],"class_list":{"0":"post-29415","1":"product","2":"type-product","3":"status-publish","4":"has-post-thumbnail","6":"product_cat-equipo-de-diagnostico","8":"first","9":"instock","10":"shipping-taxable","11":"product-type-simple"},"aioseo_notices":[],"_links":{"self":[{"href":"https:\/\/rotalift.com\/rotalift\/wp-json\/wp\/v2\/product\/29415","targetHints":{"allow":["GET"]}}],"collection":[{"href":"https:\/\/rotalift.com\/rotalift\/wp-json\/wp\/v2\/product"}],"about":[{"href":"https:\/\/rotalift.com\/rotalift\/wp-json\/wp\/v2\/types\/product"}],"replies":[{"embeddable":true,"href":"https:\/\/rotalift.com\/rotalift\/wp-json\/wp\/v2\/comments?post=29415"}],"wp:featuredmedia":[{"embeddable":true,"href":"https:\/\/rotalift.com\/rotalift\/wp-json\/wp\/v2\/media\/29416"}],"wp:attachment":[{"href":"https:\/\/rotalift.com\/rotalift\/wp-json\/wp\/v2\/media?parent=29415"}],"wp:term":[{"taxonomy":"product_brand","embeddable":true,"href":"https:\/\/rotalift.com\/rotalift\/wp-json\/wp\/v2\/product_brand?post=29415"},{"taxonomy":"product_cat","embeddable":true,"href":"https:\/\/rotalift.com\/rotalift\/wp-json\/wp\/v2\/product_cat?post=29415"},{"taxonomy":"product_tag","embeddable":true,"href":"https:\/\/rotalift.com\/rotalift\/wp-json\/wp\/v2\/product_tag?post=29415"}],"curies":[{"name":"wp","href":"https:\/\/api.w.org\/{rel}","templated":true}]}}