{"id":29437,"date":"2025-12-29T17:57:00","date_gmt":"2025-12-29T17:57:00","guid":{"rendered":"https:\/\/rotalift.com\/rotalift\/?post_type=product&#038;p=29437"},"modified":"2025-12-29T18:12:23","modified_gmt":"2025-12-29T18:12:23","slug":"frenometro-de-rodillos","status":"publish","type":"product","link":"https:\/\/rotalift.com\/rotalift\/producto\/frenometro-de-rodillos\/","title":{"rendered":"FREN\u00d3METRO DE RODILLOS"},"content":{"rendered":"<p>[et_pb_section fb_built=&#8221;1&#8243; _builder_version=&#8221;3.22&#8243; custom_padding=&#8221;0px||||false|false&#8221;][et_pb_row _builder_version=&#8221;3.25&#8243; background_size=&#8221;initial&#8221; background_position=&#8221;top_left&#8221; background_repeat=&#8221;repeat&#8221; width=&#8221;100%&#8221; custom_padding=&#8221;0px||0px||false|false&#8221;][et_pb_column type=&#8221;4_4&#8243; _builder_version=&#8221;3.25&#8243; custom_padding=&#8221;|||&#8221; custom_padding__hover=&#8221;|||&#8221;][et_pb_wc_breadcrumb _builder_version=&#8221;3.0.47&#8243;][\/et_pb_wc_breadcrumb][et_pb_wc_cart_notice _builder_version=&#8221;3.0.47&#8243;][\/et_pb_wc_cart_notice][\/et_pb_column][\/et_pb_row][et_pb_row column_structure=&#8221;1_2,1_2&#8243; _builder_version=&#8221;3.25&#8243; background_size=&#8221;initial&#8221; background_position=&#8221;top_left&#8221; background_repeat=&#8221;repeat&#8221; width=&#8221;100%&#8221; custom_padding=&#8221;0px||5px||false|false&#8221;][et_pb_column type=&#8221;1_2&#8243; _builder_version=&#8221;3.25&#8243; custom_padding=&#8221;|||&#8221; custom_padding__hover=&#8221;|||&#8221;][et_pb_wc_images _builder_version=&#8221;3.0.47&#8243;][\/et_pb_wc_images][\/et_pb_column][et_pb_column type=&#8221;1_2&#8243; _builder_version=&#8221;3.25&#8243; custom_padding=&#8221;|||&#8221; custom_padding__hover=&#8221;|||&#8221;][et_pb_wc_title _builder_version=&#8221;3.0.47&#8243;][\/et_pb_wc_title][et_pb_wc_rating _builder_version=&#8221;3.0.47&#8243;][\/et_pb_wc_rating][et_pb_wc_price _builder_version=&#8221;3.0.47&#8243;][\/et_pb_wc_price][et_pb_wc_description _builder_version=&#8221;3.0.47&#8243;][\/et_pb_wc_description][et_pb_wc_add_to_cart _builder_version=&#8221;3.0.47&#8243;][\/et_pb_wc_add_to_cart][et_pb_wc_meta _builder_version=&#8221;3.0.47&#8243;][\/et_pb_wc_meta][\/et_pb_column][\/et_pb_row][et_pb_row column_structure=&#8221;3_5,2_5&#8243; _builder_version=&#8221;4.6.6&#8243; _module_preset=&#8221;default&#8221; hover_enabled=&#8221;0&#8243; border_radii=&#8221;off||||&#8221; locked=&#8221;off&#8221; title_text=&#8221;frenometro_DIAGNOSTICO&#8221; background_image=&#8221;https:\/\/rotalift.com\/rotalift\/wp-content\/uploads\/2024\/05\/frenometro_DIAGNOSTICO.jpg&#8221; background_position=&#8221;center_left&#8221; sticky_enabled=&#8221;0&#8243; width=&#8221;100%&#8221; max_width=&#8221;100%&#8221; custom_padding=&#8221;|30px|||false|false&#8221;][et_pb_column type=&#8221;3_5&#8243; _builder_version=&#8221;4.6.6&#8243; _module_preset=&#8221;default&#8221; background_color=&#8221;#FFFFFF&#8221; animation_style=&#8221;fade&#8221; border_radii=&#8221;off|||15px|15px&#8221;][\/et_pb_column][et_pb_column type=&#8221;2_5&#8243; _builder_version=&#8221;4.6.6&#8243; _module_preset=&#8221;default&#8221; background_color=&#8221;#FFFFFF&#8221; animation_style=&#8221;fade&#8221; animation_delay=&#8221;300ms&#8221; border_radii=&#8221;off|15px|15px|15px|15px&#8221; box_shadow_style=&#8221;preset1&#8243;][et_pb_text _builder_version=&#8221;4.6.6&#8243; _module_preset=&#8221;default&#8221; text_font=&#8221;Poppins||||||||&#8221; text_font_size=&#8221;30px&#8221; text_line_height=&#8221;1em&#8221; custom_padding=&#8221;33px||0px|||&#8221;]<\/p>\n<p style=\"text-align: center;\"><strong><span style=\"color: #ff0000;\">DIAGNOSTICA PROBLEMAS<\/span> EN<\/strong><br \/> <strong> LA EFICIENCIA DEL FRENADO<\/strong><\/p>\n<h1 style=\"text-align: center;\"><strong>\u00a0<\/strong><\/h1>\n<p>[\/et_pb_text][\/et_pb_column][\/et_pb_row][et_pb_row _builder_version=&#8221;4.6.6&#8243; _module_preset=&#8221;default&#8221; custom_margin=&#8221;-5px|auto||auto||&#8221; custom_padding=&#8221;3px|||||&#8221; hover_enabled=&#8221;0&#8243; locked=&#8221;off&#8221; sticky_enabled=&#8221;0&#8243; disabled_on=&#8221;off|off|on&#8221;][et_pb_column type=&#8221;4_4&#8243; _builder_version=&#8221;4.6.6&#8243; _module_preset=&#8221;default&#8221;][et_pb_image src=&#8221;https:\/\/rotalift.com\/rotalift\/wp-content\/uploads\/2024\/05\/frenometro-vista.png&#8221; title_text=&#8221;frenometro-vista&#8221; align=&#8221;center&#8221; _builder_version=&#8221;4.6.6&#8243; _module_preset=&#8221;default&#8221;][\/et_pb_image][\/et_pb_column][\/et_pb_row][et_pb_row _builder_version=&#8221;4.6.6&#8243; _module_preset=&#8221;default&#8221; hover_enabled=&#8221;0&#8243; border_radii=&#8221;off||||&#8221; locked=&#8221;off&#8221; disabled_on=&#8221;off|off|on&#8221; sticky_enabled=&#8221;0&#8243;][et_pb_column type=&#8221;4_4&#8243; _builder_version=&#8221;4.6.6&#8243; _module_preset=&#8221;default&#8221; background_color=&#8221;#FFFFFF&#8221; animation_style=&#8221;fade&#8221; border_radii=&#8221;off|||15px|15px&#8221;][et_pb_text _builder_version=&#8221;4.6.6&#8243; _module_preset=&#8221;default&#8221; text_font=&#8221;Poppins||||||||&#8221; text_font_size=&#8221;30px&#8221; text_line_height=&#8221;1em&#8221; custom_padding=&#8221;33px||0px|||&#8221; box_shadow_style=&#8221;preset1&#8243;]<\/p>\n<p style=\"text-align: center;\"><strong><span style=\"color: #ff0000;\">DIAGNOSTICA PROBLEMAS<\/span> EN<\/strong><br \/> <strong> LA EFICIENCIA DEL FRENADO<\/strong><\/p>\n<h1 style=\"text-align: center;\"><strong>\u00a0<\/strong><\/h1>\n<p>[\/et_pb_text][\/et_pb_column][\/et_pb_row][et_pb_row column_structure=&#8221;1_3,2_3&#8243; _builder_version=&#8221;4.6.6&#8243; _module_preset=&#8221;default&#8221; custom_padding=&#8221;||19px|||&#8221; locked=&#8221;off&#8221;][et_pb_column type=&#8221;1_3&#8243; _builder_version=&#8221;4.6.6&#8243; _module_preset=&#8221;default&#8221;][et_pb_text _builder_version=&#8221;4.6.6&#8243; _module_preset=&#8221;default&#8221; hover_enabled=&#8221;0&#8243; sticky_enabled=&#8221;0&#8243;]<\/p>\n<h2><span style=\"color: #ff0000;\"><strong>Incrementa las ventas gracias a\u00a0 los diagn\u00f3sticos.<\/strong><\/span><\/h2>\n<p>[\/et_pb_text][et_pb_text _builder_version=&#8221;4.6.6&#8243; _module_preset=&#8221;default&#8221;]<\/p>\n<h3>Estimaci\u00f3n inmediata. Se genera un reporte en pocos minutos por cada inspecci\u00f3n.<\/h3>\n<p>[\/et_pb_text][\/et_pb_column][et_pb_column type=&#8221;2_3&#8243; _builder_version=&#8221;4.6.6&#8243; _module_preset=&#8221;default&#8221;][et_pb_image src=&#8221;https:\/\/rotalift.com\/rotalift\/wp-content\/uploads\/2024\/05\/EC-VTEQ3010_frenometro.jpg&#8221; title_text=&#8221;EC-VTEQ3010_frenometro&#8221; _builder_version=&#8221;4.6.6&#8243; _module_preset=&#8221;default&#8221;][\/et_pb_image][\/et_pb_column][\/et_pb_row][et_pb_row column_structure=&#8221;1_3,1_3,1_3&#8243; _builder_version=&#8221;4.6.6&#8243; _module_preset=&#8221;default&#8221; locked=&#8221;off&#8221;][et_pb_column type=&#8221;1_3&#8243; _builder_version=&#8221;4.6.6&#8243; _module_preset=&#8221;default&#8221;][et_pb_blurb title=&#8221;ESTIMACI\u00d3N INMEDIATA&#8221; use_icon=&#8221;on&#8221; font_icon=&#8221;%%92%%&#8221; _builder_version=&#8221;4.6.6&#8243; _module_preset=&#8221;default&#8221; header_text_align=&#8221;center&#8221; header_text_color=&#8221;#E02B20&#8243; header_font_size=&#8221;23px&#8221;]<\/p>\n<h3 style=\"text-align: center;\">Se genera un reporte en 5 minutos promedio en la inspecci\u00f3n por auto.<\/h3>\n<p>[\/et_pb_blurb][\/et_pb_column][et_pb_column type=&#8221;1_3&#8243; _builder_version=&#8221;4.6.6&#8243; _module_preset=&#8221;default&#8221;][et_pb_blurb title=&#8221;CONFIABILIDAD&#8221; use_icon=&#8221;on&#8221; font_icon=&#8221;%%72%%&#8221; _builder_version=&#8221;4.6.6&#8243; _module_preset=&#8221;default&#8221; header_text_align=&#8221;center&#8221; header_text_color=&#8221;#E02B20&#8243; header_font_size=&#8221;23px&#8221;]<\/p>\n<h3 style=\"text-align: center;\">Se le genera un reporte impreso al cliente d\u00e1ndole certidumbre de que el equipo lo est\u00e1 diagnosticando y eliminamos la apreciaci\u00f3n del T\u00e9cnico.<\/h3>\n<p>[\/et_pb_blurb][\/et_pb_column][et_pb_column type=&#8221;1_3&#8243; _builder_version=&#8221;4.6.6&#8243; _module_preset=&#8221;default&#8221;][et_pb_blurb title=&#8221;INCREMENTO EN LAS VENTAS&#8221; use_icon=&#8221;on&#8221; font_icon=&#8221;%%156%%&#8221; _builder_version=&#8221;4.6.6&#8243; _module_preset=&#8221;default&#8221; header_text_align=&#8221;center&#8221; header_text_color=&#8221;#E02B20&#8243; header_font_size=&#8221;23px&#8221;]<\/p>\n<h3 style=\"text-align: center;\">Se genera un incremento en las ventas utilizando el fren\u00f3metro.<\/h3>\n<p>[\/et_pb_blurb][\/et_pb_column][\/et_pb_row][et_pb_row _builder_version=&#8221;3.25&#8243; background_size=&#8221;initial&#8221; background_position=&#8221;top_left&#8221; background_repeat=&#8221;repeat&#8221; width=&#8221;100%&#8221;][et_pb_column type=&#8221;4_4&#8243; _builder_version=&#8221;3.25&#8243; custom_padding=&#8221;|||&#8221; custom_padding__hover=&#8221;|||&#8221;][et_pb_wc_tabs _builder_version=&#8221;4.6.6&#8243; hover_enabled=&#8221;0&#8243; include_tabs=&#8221;|&#8221; sticky_enabled=&#8221;0&#8243;]\t\t\t\t\t[\/et_pb_wc_tabs][et_pb_wc_upsells _builder_version=&#8221;3.0.47&#8243;][\/et_pb_wc_upsells][et_pb_wc_related_products _builder_version=&#8221;3.0.47&#8243;][\/et_pb_wc_related_products][\/et_pb_column][\/et_pb_row][\/et_pb_section]<\/p>\n","protected":false},"excerpt":{"rendered":"<p>Para veh\u00edculos ligeros, incluye consola completa VTEQ3000: Electr\u00f3nica Ethernet VTEQ, ordenador con Windows OS, monitor 22\u201d TFT, teclado, rat\u00f3n, arrancadores sueves, motores y control remoto. Bancada fren\u00f3metro de rodillos veh\u00edculos ligeros.<\/p>\n","protected":false},"featured_media":29438,"comment_status":"open","ping_status":"closed","template":"","meta":{"_et_pb_use_builder":"on","_et_pb_old_content":"","_et_gb_content_width":""},"product_brand":[],"product_cat":[103],"product_tag":[],"class_list":{"0":"post-29437","1":"product","2":"type-product","3":"status-publish","4":"has-post-thumbnail","6":"product_cat-equipo-de-diagnostico","8":"first","9":"instock","10":"shipping-taxable","11":"product-type-simple"},"aioseo_notices":[],"_links":{"self":[{"href":"https:\/\/rotalift.com\/rotalift\/wp-json\/wp\/v2\/product\/29437","targetHints":{"allow":["GET"]}}],"collection":[{"href":"https:\/\/rotalift.com\/rotalift\/wp-json\/wp\/v2\/product"}],"about":[{"href":"https:\/\/rotalift.com\/rotalift\/wp-json\/wp\/v2\/types\/product"}],"replies":[{"embeddable":true,"href":"https:\/\/rotalift.com\/rotalift\/wp-json\/wp\/v2\/comments?post=29437"}],"wp:featuredmedia":[{"embeddable":true,"href":"https:\/\/rotalift.com\/rotalift\/wp-json\/wp\/v2\/media\/29438"}],"wp:attachment":[{"href":"https:\/\/rotalift.com\/rotalift\/wp-json\/wp\/v2\/media?parent=29437"}],"wp:term":[{"taxonomy":"product_brand","embeddable":true,"href":"https:\/\/rotalift.com\/rotalift\/wp-json\/wp\/v2\/product_brand?post=29437"},{"taxonomy":"product_cat","embeddable":true,"href":"https:\/\/rotalift.com\/rotalift\/wp-json\/wp\/v2\/product_cat?post=29437"},{"taxonomy":"product_tag","embeddable":true,"href":"https:\/\/rotalift.com\/rotalift\/wp-json\/wp\/v2\/product_tag?post=29437"}],"curies":[{"name":"wp","href":"https:\/\/api.w.org\/{rel}","templated":true}]}}